{"id":3,"date":"2023-01-12T09:03:24","date_gmt":"2023-01-12T09:03:24","guid":{"rendered":"https:\/\/immobegurestate.com\/?page_id=3"},"modified":"2023-02-14T09:31:39","modified_gmt":"2023-02-14T09:31:39","slug":"politica-privacidad","status":"publish","type":"page","link":"https:\/\/immobegurestate.com\/?page_id=3","title":{"rendered":"Pol\u00edtica de cookies"},"content":{"rendered":"\t\t<div data-elementor-type=\"wp-page\" data-elementor-id=\"3\" class=\"elementor elementor-3\">\n\t\t\t\t\t\t\t\t\t<section class=\"elementor-section elementor-top-section elementor-element elementor-element-5903d047 elementor-section-boxed elementor-section-height-default elementor-section-height-default\" data-id=\"5903d047\" data-element_type=\"section\">\n\t\t\t\t\t\t<div class=\"elementor-container elementor-column-gap-default\">\n\t\t\t\t\t<div class=\"elementor-column elementor-col-100 elementor-top-column elementor-element elementor-element-6b1cf8ba\" data-id=\"6b1cf8ba\" data-element_type=\"column\">\n\t\t\t<div class=\"elementor-widget-wrap elementor-element-populated\">\n\t\t\t\t\t\t\t\t<div class=\"elementor-element elementor-element-2bb1ddd3 elementor-widget elementor-widget-text-editor\" data-id=\"2bb1ddd3\" data-element_type=\"widget\" data-widget_type=\"text-editor.default\">\n\t\t\t\t<div class=\"elementor-widget-container\">\n\t\t\t<style>\/*! elementor - v3.13.3 - 28-05-2023 *\/\n.elementor-widget-text-editor.elementor-drop-cap-view-stacked .elementor-drop-cap{background-color:#69727d;color:#fff}.elementor-widget-text-editor.elementor-drop-cap-view-framed .elementor-drop-cap{color:#69727d;border:3px solid;background-color:transparent}.elementor-widget-text-editor:not(.elementor-drop-cap-view-default) .elementor-drop-cap{margin-top:8px}.elementor-widget-text-editor:not(.elementor-drop-cap-view-default) .elementor-drop-cap-letter{width:1em;height:1em}.elementor-widget-text-editor .elementor-drop-cap{float:left;text-align:center;line-height:1;font-size:50px}.elementor-widget-text-editor .elementor-drop-cap-letter{display:inline-block}<\/style>\t\t\t\t<p><!-- wp:heading --><\/p>\n<h2>\u00a0<\/h2>\n<p>Les cookies o galetes s\u00f3n uns petits arxius de text que s&#8217;instal\u2022len als equips des dels quals s&#8217;accedeix al nostre lloc web. Poden guardar la identificaci\u00f3 de l&#8217;usuari que visita el web i els llocs pels quals navega. Quan l&#8217;usuari (vost\u00e8 en aquest cas) ens torna a visitar es llegeixen les cookies per identificar-lo i restablir les seves prefer\u00e8ncies i configuraci\u00f3 de navegaci\u00f3. Si un usuari no autoritza l&#8217;\u00fas de les cookies alguns serveis o funcionalitats del lloc web podrien no estar disponibles.<\/p>\n<p>Volem que aquest lloc ofereixi un bon servei i que sigui f\u00e0cil d&#8217;utilitzar. En aquest sentit utilitzem cookies de Google Analytics. Aix\u00f2 ens permet:<\/p>\n<ul>\n<li>Analitzar estad\u00edsticament la informaci\u00f3 a la que accedeixen els usuaris del nostre lloc. Les dades recopilades poden incloure l&#8217;activitat del navegador de l&#8217;usuari quan ens visita, la ruta que segueixen els usuaris en el nostre lloc, informaci\u00f3 del prove\u00efdor de serveis d&#8217;Internet del visitant, el nombre de vegades que els usuaris accedeixen al lloc i el comportament dels usuaris al nostre lloc (p\u00e0gines que ha visitat, formularis que s&#8217;han completat i similars).<\/li>\n<li>Identificar els usuaris que ens visiten des de la invitaci\u00f3 d&#8217;un lloc web associat o d&#8217;un enlla\u00e7 patrocinat.<\/li>\n<\/ul>\n<p>Pot obtenir m\u00e9s informaci\u00f3 sobre Google Analytics a www.google.com\/analytics\/. Per controlar la recopilaci\u00f3 de dades amb finalitats anal\u00edtiques per part de Google Analytics, pot anar a\u00a0<a href=\"https:\/\/tools.google.com\/dlpage\/gaoptout?hl=en\" target=\"_blank\" rel=\"noopener\">https:\/\/tools.google.com\/dlpage\/gaoptout?hl=en<\/a><\/p>\n<p>Vost\u00e8 pot revocar el consentiment a la utilitzaci\u00f3 de cookies eliminant-les per mitj\u00e0 de les opcions que li ofereix el seu navegador.<\/p>\n<p>Si desitja rebre informaci\u00f3 addicional sobre l&#8217;activitat de les empreses de publicitat a Internet i sobre com eliminar les seves dades dels registres d&#8217;aquestes empreses, li recomanem la visita a\u00a0<a href=\"http:\/\/www.networkadvertising.org\/\" target=\"_blank\" rel=\"noopener\">www.networkadvertising.org<\/a>.<\/p>\n<p>Vost\u00e8 pot configurar el seu navegador per tal que l&#8217;informi pr\u00e8viament de la possible instal\u2022laci\u00f3 de cookies. Tamb\u00e9 podr\u00e0 optar per tal que es suprimeixin autom\u00e0ticament un cop es tanqui el navegador, equip o dispositiu. Pot trobar informaci\u00f3 sobre com fer-ho en:<\/p>\n<ul>\n<li>&#8211; Firefox:\u00a0<a href=\"http:\/\/support.mozilla.org\/ca\/kb\/Galetes\" target=\"_blank\" rel=\"noopener\">http:\/\/support.mozilla.org\/ca\/kb\/Galetes<\/a>.<\/li>\n<li>&#8211; Chrome:\u00a0<a href=\"http:\/\/support.google.com\/chrome\/bin\/answer.py?hl=es&amp;answer=95647\" target=\"_blank\" rel=\"noopener\">http:\/\/support.google.com\/chrome\/bin\/answer.py?hl=es&amp;answer=95647<\/a>.<\/li>\n<li>&#8211; Explorer:\u00a0<a href=\"http:\/\/windows.microsoft.com\/es-es\/windows7\/how-to-manage-cookies-in-internet-explorer-9\" target=\"_blank\" rel=\"noopener\">http:\/\/windows.microsoft.com\/es-es\/windows7\/how-to-manage-cookies-in-internet-explorer-9<\/a>.<\/li>\n<li>&#8211; Safari:\u00a0<a href=\"http:\/\/support.apple.com\/kb\/ph5042\" target=\"_blank\" rel=\"noopener\">http:\/\/support.apple.com\/kb\/ph5042<\/a>.<\/li>\n<li>&#8211; Safari &#8211; IOS:\u00a0<a href=\"http:\/\/support.apple.com\/kb\/HT1677?viewlocale=es_ES&amp;locale=es_ES\" target=\"_blank\" rel=\"noopener\">http:\/\/support.apple.com\/kb\/HT1677?viewlocale=es_ES&amp;locale=es_ES<\/a><\/li>\n<li>&#8211; Opera:\u00a0<a href=\"https:\/\/www.opera.com\/help\/tutorials\/security\/cookies\/\" target=\"_blank\" rel=\"noopener\">https:\/\/www.opera.com\/help\/tutorials\/security\/cookies\/<\/a><\/li>\n<\/ul>\n<p><!-- \/wp:paragraph --><\/p>\t\t\t\t\t\t<\/div>\n\t\t\t\t<\/div>\n\t\t\t\t\t<\/div>\n\t\t<\/div>\n\t\t\t\t\t\t\t<\/div>\n\t\t<\/section>\n\t\t\t\t\t\t\t<\/div>\n\t\t<!-- AddThis Advanced Settings generic via filter on the_content --><!-- AddThis Share Buttons generic via filter on the_content -->","protected":false},"excerpt":{"rendered":"<p>\u00a0 Les cookies o galetes s\u00f3n uns petits arxius de text que s&#8217;instal\u2022len als equips des dels quals s&#8217;accedeix al nostre lloc web. Poden guardar la identificaci\u00f3 de l&#8217;usuari que visita el web i els llocs pels quals navega. Quan l&#8217;usuari (vost\u00e8 en aquest cas) ens torna a visitar es llegeixen les cookies per identificar-lo &hellip;<\/p>\n<p class=\"read-more\"> <a class=\"\" href=\"https:\/\/immobegurestate.com\/?page_id=3\"> <span class=\"screen-reader-text\">Pol\u00edtica de cookies<\/span> Leer m\u00e1s &raquo;<\/a><\/p>\n<p><!-- AddThis Advanced Settings generic via filter on get_the_excerpt --><!-- AddThis Share Buttons generic via filter on get_the_excerpt --><\/p>\n","protected":false},"author":1,"featured_media":0,"parent":0,"menu_order":0,"comment_status":"closed","ping_status":"open","template":"","meta":{"site-sidebar-layout":"default","site-content-layout":"default","ast-global-header-display":"","ast-main-header-display":"","ast-hfb-above-header-display":"","ast-hfb-below-header-display":"","ast-hfb-mobile-header-display":"","site-post-title":"","ast-breadcrumbs-content":"","ast-featured-img":"","footer-sml-layout":"","theme-transparent-header-meta":"","adv-header-id-meta":"","stick-header-meta":"","header-above-stick-meta":"","header-main-stick-meta":"","header-below-stick-meta":"","footnotes":""},"class_list":["post-3","page","type-page","status-publish","hentry"],"yoast_head":"<!-- This site is optimized with the Yoast SEO plugin v20.8 - https:\/\/yoast.com\/wordpress\/plugins\/seo\/ -->\n<title>Pol\u00edtica de cookies - Immo Begur Estate<\/title>\n<meta name=\"robots\" content=\"noindex, nofollow\" \/>\n<meta property=\"og:locale\" content=\"es_ES\" \/>\n<meta property=\"og:type\" content=\"article\" \/>\n<meta property=\"og:title\" content=\"Pol\u00edtica de cookies - Immo Begur Estate\" \/>\n<meta property=\"og:description\" content=\"\u00a0 Les cookies o galetes s\u00f3n uns petits arxius de text que s&#8217;instal\u2022len als equips des dels quals s&#8217;accedeix al nostre lloc web. Poden guardar la identificaci\u00f3 de l&#8217;usuari que visita el web i els llocs pels quals navega. Quan l&#8217;usuari (vost\u00e8 en aquest cas) ens torna a visitar es llegeixen les cookies per identificar-lo &hellip; Pol\u00edtica de cookies Leer m\u00e1s &raquo;\" \/>\n<meta property=\"og:url\" content=\"https:\/\/immobegurestate.com\/?page_id=3\" \/>\n<meta property=\"og:site_name\" content=\"Immo Begur Estate\" \/>\n<meta property=\"article:modified_time\" content=\"2023-02-14T09:31:39+00:00\" \/>\n<meta name=\"twitter:card\" content=\"summary_large_image\" \/>\n<meta name=\"twitter:label1\" content=\"Tiempo de lectura\" \/>\n\t<meta name=\"twitter:data1\" content=\"2 minutos\" \/>\n<script type=\"application\/ld+json\" class=\"yoast-schema-graph\">{\"@context\":\"https:\/\/schema.org\",\"@graph\":[{\"@type\":\"WebPage\",\"@id\":\"https:\/\/immobegurestate.com\/?page_id=3\",\"url\":\"https:\/\/immobegurestate.com\/?page_id=3\",\"name\":\"Pol\u00edtica de cookies - Immo Begur Estate\",\"isPartOf\":{\"@id\":\"https:\/\/immobegurestate.com\/#website\"},\"datePublished\":\"2023-01-12T09:03:24+00:00\",\"dateModified\":\"2023-02-14T09:31:39+00:00\",\"breadcrumb\":{\"@id\":\"https:\/\/immobegurestate.com\/?page_id=3#breadcrumb\"},\"inLanguage\":\"es\",\"potentialAction\":[{\"@type\":\"ReadAction\",\"target\":[\"https:\/\/immobegurestate.com\/?page_id=3\"]}]},{\"@type\":\"BreadcrumbList\",\"@id\":\"https:\/\/immobegurestate.com\/?page_id=3#breadcrumb\",\"itemListElement\":[{\"@type\":\"ListItem\",\"position\":1,\"name\":\"Portada\",\"item\":\"https:\/\/immobegurestate.com\/\"},{\"@type\":\"ListItem\",\"position\":2,\"name\":\"Pol\u00edtica de cookies\"}]},{\"@type\":\"WebSite\",\"@id\":\"https:\/\/immobegurestate.com\/#website\",\"url\":\"https:\/\/immobegurestate.com\/\",\"name\":\"Immo Begur Estate\",\"description\":\"\",\"publisher\":{\"@id\":\"https:\/\/immobegurestate.com\/#organization\"},\"potentialAction\":[{\"@type\":\"SearchAction\",\"target\":{\"@type\":\"EntryPoint\",\"urlTemplate\":\"https:\/\/immobegurestate.com\/?s={search_term_string}\"},\"query-input\":\"required name=search_term_string\"}],\"inLanguage\":\"es\"},{\"@type\":\"Organization\",\"@id\":\"https:\/\/immobegurestate.com\/#organization\",\"name\":\"Immo Begur Estate\",\"url\":\"https:\/\/immobegurestate.com\/\",\"logo\":{\"@type\":\"ImageObject\",\"inLanguage\":\"es\",\"@id\":\"https:\/\/immobegurestate.com\/#\/schema\/logo\/image\/\",\"url\":\"https:\/\/immobegurestate.com\/wp-content\/uploads\/2023\/01\/fondotranspr.png\",\"contentUrl\":\"https:\/\/immobegurestate.com\/wp-content\/uploads\/2023\/01\/fondotranspr.png\",\"width\":392,\"height\":330,\"caption\":\"Immo Begur Estate\"},\"image\":{\"@id\":\"https:\/\/immobegurestate.com\/#\/schema\/logo\/image\/\"}}]}<\/script>\n<!-- \/ Yoast SEO plugin. -->","yoast_head_json":{"title":"Pol\u00edtica de cookies - Immo Begur Estate","robots":{"index":"noindex","follow":"nofollow"},"og_locale":"es_ES","og_type":"article","og_title":"Pol\u00edtica de cookies - Immo Begur Estate","og_description":"\u00a0 Les cookies o galetes s\u00f3n uns petits arxius de text que s&#8217;instal\u2022len als equips des dels quals s&#8217;accedeix al nostre lloc web. Poden guardar la identificaci\u00f3 de l&#8217;usuari que visita el web i els llocs pels quals navega. Quan l&#8217;usuari (vost\u00e8 en aquest cas) ens torna a visitar es llegeixen les cookies per identificar-lo &hellip; Pol\u00edtica de cookies Leer m\u00e1s &raquo;","og_url":"https:\/\/immobegurestate.com\/?page_id=3","og_site_name":"Immo Begur Estate","article_modified_time":"2023-02-14T09:31:39+00:00","twitter_card":"summary_large_image","twitter_misc":{"Tiempo de lectura":"2 minutos"},"schema":{"@context":"https:\/\/schema.org","@graph":[{"@type":"WebPage","@id":"https:\/\/immobegurestate.com\/?page_id=3","url":"https:\/\/immobegurestate.com\/?page_id=3","name":"Pol\u00edtica de cookies - Immo Begur Estate","isPartOf":{"@id":"https:\/\/immobegurestate.com\/#website"},"datePublished":"2023-01-12T09:03:24+00:00","dateModified":"2023-02-14T09:31:39+00:00","breadcrumb":{"@id":"https:\/\/immobegurestate.com\/?page_id=3#breadcrumb"},"inLanguage":"es","potentialAction":[{"@type":"ReadAction","target":["https:\/\/immobegurestate.com\/?page_id=3"]}]},{"@type":"BreadcrumbList","@id":"https:\/\/immobegurestate.com\/?page_id=3#breadcrumb","itemListElement":[{"@type":"ListItem","position":1,"name":"Portada","item":"https:\/\/immobegurestate.com\/"},{"@type":"ListItem","position":2,"name":"Pol\u00edtica de cookies"}]},{"@type":"WebSite","@id":"https:\/\/immobegurestate.com\/#website","url":"https:\/\/immobegurestate.com\/","name":"Immo Begur Estate","description":"","publisher":{"@id":"https:\/\/immobegurestate.com\/#organization"},"potentialAction":[{"@type":"SearchAction","target":{"@type":"EntryPoint","urlTemplate":"https:\/\/immobegurestate.com\/?s={search_term_string}"},"query-input":"required name=search_term_string"}],"inLanguage":"es"},{"@type":"Organization","@id":"https:\/\/immobegurestate.com\/#organization","name":"Immo Begur Estate","url":"https:\/\/immobegurestate.com\/","logo":{"@type":"ImageObject","inLanguage":"es","@id":"https:\/\/immobegurestate.com\/#\/schema\/logo\/image\/","url":"https:\/\/immobegurestate.com\/wp-content\/uploads\/2023\/01\/fondotranspr.png","contentUrl":"https:\/\/immobegurestate.com\/wp-content\/uploads\/2023\/01\/fondotranspr.png","width":392,"height":330,"caption":"Immo Begur Estate"},"image":{"@id":"https:\/\/immobegurestate.com\/#\/schema\/logo\/image\/"}}]}},"_links":{"self":[{"href":"https:\/\/immobegurestate.com\/index.php?rest_route=\/wp\/v2\/pages\/3","targetHints":{"allow":["GET"]}}],"collection":[{"href":"https:\/\/immobegurestate.com\/index.php?rest_route=\/wp\/v2\/pages"}],"about":[{"href":"https:\/\/immobegurestate.com\/index.php?rest_route=\/wp\/v2\/types\/page"}],"author":[{"embeddable":true,"href":"https:\/\/immobegurestate.com\/index.php?rest_route=\/wp\/v2\/users\/1"}],"replies":[{"embeddable":true,"href":"https:\/\/immobegurestate.com\/index.php?rest_route=%2Fwp%2Fv2%2Fcomments&post=3"}],"version-history":[{"count":11,"href":"https:\/\/immobegurestate.com\/index.php?rest_route=\/wp\/v2\/pages\/3\/revisions"}],"predecessor-version":[{"id":2491,"href":"https:\/\/immobegurestate.com\/index.php?rest_route=\/wp\/v2\/pages\/3\/revisions\/2491"}],"wp:attachment":[{"href":"https:\/\/immobegurestate.com\/index.php?rest_route=%2Fwp%2Fv2%2Fmedia&parent=3"}],"curies":[{"name":"wp","href":"https:\/\/api.w.org\/{rel}","templated":true}]}}