{"id":2841,"date":"2024-02-08T08:44:59","date_gmt":"2024-02-08T08:44:59","guid":{"rendered":"https:\/\/immobegurestate.com\/?page_id=2841"},"modified":"2024-02-08T08:46:48","modified_gmt":"2024-02-08T08:46:48","slug":"t24-01","status":"publish","type":"page","link":"https:\/\/immobegurestate.com\/?page_id=2841","title":{"rendered":"t24\/01"},"content":{"rendered":"\t\t<div data-elementor-type=\"wp-page\" data-elementor-id=\"2841\" class=\"elementor elementor-2841\">\n\t\t\t\t\t\t\t\t\t<section class=\"elementor-section elementor-top-section elementor-element elementor-element-36ffbfd7 elementor-section-content-middle elementor-section-boxed elementor-section-height-default elementor-section-height-default\" data-id=\"36ffbfd7\" data-element_type=\"section\" data-settings=\"{&quot;background_background&quot;:&quot;classic&quot;}\">\n\t\t\t\t\t\t<div class=\"elementor-container elementor-column-gap-no\">\n\t\t\t\t\t<div class=\"elementor-column elementor-col-50 elementor-top-column elementor-element elementor-element-61a34f06\" data-id=\"61a34f06\" data-element_type=\"column\">\n\t\t\t<div class=\"elementor-widget-wrap elementor-element-populated\">\n\t\t\t\t\t\t\t\t<section class=\"elementor-section elementor-inner-section elementor-element elementor-element-53d089eb elementor-section-boxed elementor-section-height-default elementor-section-height-default\" data-id=\"53d089eb\" data-element_type=\"section\">\n\t\t\t\t\t\t<div class=\"elementor-container elementor-column-gap-default\">\n\t\t\t\t\t<div class=\"elementor-column elementor-col-100 elementor-inner-column elementor-element elementor-element-355a5566\" data-id=\"355a5566\" data-element_type=\"column\">\n\t\t\t<div class=\"elementor-widget-wrap elementor-element-populated\">\n\t\t\t\t\t\t\t\t<div class=\"elementor-element elementor-element-1fb92fe3 elementor-widget elementor-widget-heading\" data-id=\"1fb92fe3\" data-element_type=\"widget\" data-widget_type=\"heading.default\">\n\t\t\t\t<div class=\"elementor-widget-container\">\n\t\t\t<style>\/*! elementor - v3.13.3 - 28-05-2023 *\/\n.elementor-heading-title{padding:0;margin:0;line-height:1}.elementor-widget-heading .elementor-heading-title[class*=elementor-size-]>a{color:inherit;font-size:inherit;line-height:inherit}.elementor-widget-heading .elementor-heading-title.elementor-size-small{font-size:15px}.elementor-widget-heading .elementor-heading-title.elementor-size-medium{font-size:19px}.elementor-widget-heading .elementor-heading-title.elementor-size-large{font-size:29px}.elementor-widget-heading .elementor-heading-title.elementor-size-xl{font-size:39px}.elementor-widget-heading .elementor-heading-title.elementor-size-xxl{font-size:59px}<\/style><h1 class=\"elementor-heading-title elementor-size-xl\"><font style=\"vertical-align: inherit;\"><\/font><font style=\"vertical-align: inherit;\"><font style=\"vertical-align: inherit;\"><font style=\"vertical-align: inherit;\"><font style=\"vertical-align: inherit;\"><font style=\"vertical-align: inherit;\"><font style=\"vertical-align: inherit;\"><font style=\"vertical-align: inherit;\"><font style=\"vertical-align: inherit;\" class=\"VIpgJd-yAWNEb-VIpgJd-fmcmS-sn54Q\">Terreno en R\u00edo de<\/font><\/font><\/font><\/font><\/font><\/font><\/font><\/font><font style=\"vertical-align: inherit;\"><font style=\"vertical-align: inherit;\"><font style=\"vertical-align: inherit;\"><font style=\"vertical-align: inherit;\" class=\"VIpgJd-yAWNEb-VIpgJd-fmcmS-sn54Q\"> oro<\/font><\/font><\/font><\/font><font style=\"vertical-align: inherit;\"><font style=\"vertical-align: inherit;\"><\/font><\/font><\/h1>\t\t<\/div>\n\t\t\t\t<\/div>\n\t\t\t\t<div class=\"elementor-element elementor-element-3970c419 elementor-widget elementor-widget-text-editor\" data-id=\"3970c419\" data-element_type=\"widget\" data-widget_type=\"text-editor.default\">\n\t\t\t\t<div class=\"elementor-widget-container\">\n\t\t\t<style>\/*! elementor - v3.13.3 - 28-05-2023 *\/\n.elementor-widget-text-editor.elementor-drop-cap-view-stacked .elementor-drop-cap{background-color:#69727d;color:#fff}.elementor-widget-text-editor.elementor-drop-cap-view-framed .elementor-drop-cap{color:#69727d;border:3px solid;background-color:transparent}.elementor-widget-text-editor:not(.elementor-drop-cap-view-default) .elementor-drop-cap{margin-top:8px}.elementor-widget-text-editor:not(.elementor-drop-cap-view-default) .elementor-drop-cap-letter{width:1em;height:1em}.elementor-widget-text-editor .elementor-drop-cap{float:left;text-align:center;line-height:1;font-size:50px}.elementor-widget-text-editor .elementor-drop-cap-letter{display:inline-block}<\/style>\t\t\t\t<p><strong><span style=\"vertical-align: inherit;\"><span style=\"vertical-align: inherit;\">REFERENCIA: T24\/01<\/span><\/span><\/strong><\/p>\t\t\t\t\t\t<\/div>\n\t\t\t\t<\/div>\n\t\t\t\t\t<\/div>\n\t\t<\/div>\n\t\t\t\t\t\t\t<\/div>\n\t\t<\/section>\n\t\t\t\t<div class=\"elementor-element elementor-element-9779169 elementor-arrows-position-inside elementor-widget elementor-widget-image-carousel\" data-id=\"9779169\" data-element_type=\"widget\" data-settings=\"{&quot;slides_to_show&quot;:&quot;1&quot;,&quot;navigation&quot;:&quot;arrows&quot;,&quot;effect&quot;:&quot;fade&quot;,&quot;autoplay&quot;:&quot;yes&quot;,&quot;pause_on_hover&quot;:&quot;yes&quot;,&quot;pause_on_interaction&quot;:&quot;yes&quot;,&quot;autoplay_speed&quot;:5000,&quot;infinite&quot;:&quot;yes&quot;,&quot;speed&quot;:500}\" data-widget_type=\"image-carousel.default\">\n\t\t\t\t<div class=\"elementor-widget-container\">\n\t\t\t<style>\/*! elementor - v3.13.3 - 28-05-2023 *\/\n.elementor-widget-image-carousel .swiper,.elementor-widget-image-carousel .swiper-container{position:static}.elementor-widget-image-carousel .swiper-container .swiper-slide figure,.elementor-widget-image-carousel .swiper .swiper-slide figure{line-height:inherit}.elementor-widget-image-carousel .swiper-slide{text-align:center}.elementor-image-carousel-wrapper:not(.swiper-container-initialized):not(.swiper-initialized) .swiper-slide{max-width:calc(100% \/ var(--e-image-carousel-slides-to-show, 3))}<\/style>\t\t<div class=\"elementor-image-carousel-wrapper swiper-container\" dir=\"ltr\">\n\t\t\t<div class=\"elementor-image-carousel swiper-wrapper swiper-image-stretch\">\n\t\t\t\t\t\t\t\t<div class=\"swiper-slide\"><figure class=\"swiper-slide-inner\"><img decoding=\"async\" class=\"swiper-slide-image\" src=\"https:\/\/immobegurestate.com\/wp-content\/uploads\/2024\/02\/1707380899537.jpg\" alt=\"1707380899537\" \/><\/figure><\/div><div class=\"swiper-slide\"><figure class=\"swiper-slide-inner\"><img decoding=\"async\" class=\"swiper-slide-image\" src=\"https:\/\/immobegurestate.com\/wp-content\/uploads\/2024\/02\/1707380899580.jpg\" alt=\"1707380899580\" \/><\/figure><\/div><div class=\"swiper-slide\"><figure class=\"swiper-slide-inner\"><img decoding=\"async\" class=\"swiper-slide-image\" src=\"https:\/\/immobegurestate.com\/wp-content\/uploads\/2024\/02\/1707380899571.jpg\" alt=\"1707380899571\" \/><\/figure><\/div><div class=\"swiper-slide\"><figure class=\"swiper-slide-inner\"><img decoding=\"async\" class=\"swiper-slide-image\" src=\"https:\/\/immobegurestate.com\/wp-content\/uploads\/2024\/02\/1707380899602.jpg\" alt=\"1707380899602\" \/><\/figure><\/div><div class=\"swiper-slide\"><figure class=\"swiper-slide-inner\"><img decoding=\"async\" class=\"swiper-slide-image\" src=\"https:\/\/immobegurestate.com\/wp-content\/uploads\/2024\/02\/1707380899554.jpg\" alt=\"1707380899554\" \/><\/figure><\/div><div class=\"swiper-slide\"><figure class=\"swiper-slide-inner\"><img decoding=\"async\" class=\"swiper-slide-image\" src=\"https:\/\/immobegurestate.com\/wp-content\/uploads\/2024\/02\/1707380899563.jpg\" alt=\"1707380899563\" \/><\/figure><\/div><div class=\"swiper-slide\"><figure class=\"swiper-slide-inner\"><img decoding=\"async\" class=\"swiper-slide-image\" src=\"https:\/\/immobegurestate.com\/wp-content\/uploads\/2024\/02\/1707380899686.jpg\" alt=\"1707380899686\" \/><\/figure><\/div><div class=\"swiper-slide\"><figure class=\"swiper-slide-inner\"><img decoding=\"async\" class=\"swiper-slide-image\" src=\"https:\/\/immobegurestate.com\/wp-content\/uploads\/2024\/02\/1707380899658.jpg\" alt=\"1707380899658\" \/><\/figure><\/div><div class=\"swiper-slide\"><figure class=\"swiper-slide-inner\"><img decoding=\"async\" class=\"swiper-slide-image\" src=\"https:\/\/immobegurestate.com\/wp-content\/uploads\/2024\/02\/1707380899649.jpg\" alt=\"1707380899649\" \/><\/figure><\/div><div class=\"swiper-slide\"><figure class=\"swiper-slide-inner\"><img decoding=\"async\" class=\"swiper-slide-image\" src=\"https:\/\/immobegurestate.com\/wp-content\/uploads\/2024\/02\/1707380899637.jpg\" alt=\"1707380899637\" \/><\/figure><\/div>\t\t\t<\/div>\n\t\t\t\t\t\t\t\t\t\t\t\t\t\t\t\t<div class=\"elementor-swiper-button elementor-swiper-button-prev\" role=\"button\" tabindex=\"0\">\n\t\t\t\t\t\t<i aria-hidden=\"true\" class=\"eicon-chevron-left\"><\/i>\t\t\t\t\t\t<span class=\"elementor-screen-only\">Imagen anterior<\/span>\n\t\t\t\t\t<\/div>\n\t\t\t\t\t<div class=\"elementor-swiper-button elementor-swiper-button-next\" role=\"button\" tabindex=\"0\">\n\t\t\t\t\t\t<i aria-hidden=\"true\" class=\"eicon-chevron-right\"><\/i>\t\t\t\t\t\t<span class=\"elementor-screen-only\">Imagen siguiente<\/span>\n\t\t\t\t\t<\/div>\n\t\t\t\t\t\t\t\t\t<\/div>\n\t\t\t\t<\/div>\n\t\t\t\t<\/div>\n\t\t\t\t\t<\/div>\n\t\t<\/div>\n\t\t\t\t<div class=\"elementor-column elementor-col-50 elementor-top-column elementor-element elementor-element-3c68da15\" data-id=\"3c68da15\" data-element_type=\"column\">\n\t\t\t<div class=\"elementor-widget-wrap elementor-element-populated\">\n\t\t\t\t\t\t\t\t<div class=\"elementor-element elementor-element-6a19355b elementor-widget elementor-widget-text-editor\" data-id=\"6a19355b\" data-element_type=\"widget\" data-widget_type=\"text-editor.default\">\n\t\t\t\t<div class=\"elementor-widget-container\">\n\t\t\t\t\t\t\t<p><span style=\"vertical-align: inherit;\"><span style=\"vertical-align: inherit;\">Terreno urbano en Rio de oro Calonge, preparado para construcci\u00f3n inmediata de casa unifamiliar.\u00a0<\/span><\/span><\/p><p>Topogr\u00e1fico, geot\u00e9cnico, proyecto b\u00e1sico y tasas de nueva urbanizaci\u00f3n todo pagado. Proyecto ejecutivo a falta de visar.<\/p>\t\t\t\t\t\t<\/div>\n\t\t\t\t<\/div>\n\t\t\t\t<div class=\"elementor-element elementor-element-72878f6e elementor-widget elementor-widget-heading\" data-id=\"72878f6e\" data-element_type=\"widget\" data-widget_type=\"heading.default\">\n\t\t\t\t<div class=\"elementor-widget-container\">\n\t\t\t<h6 class=\"elementor-heading-title elementor-size-default\">Caracter\u00edstiques:<\/h6>\t\t<\/div>\n\t\t\t\t<\/div>\n\t\t\t\t<div class=\"elementor-element elementor-element-34983edd elementor-widget elementor-widget-spacer\" data-id=\"34983edd\" data-element_type=\"widget\" data-widget_type=\"spacer.default\">\n\t\t\t\t<div class=\"elementor-widget-container\">\n\t\t\t<style>\/*! elementor - v3.13.3 - 28-05-2023 *\/\n.elementor-column .elementor-spacer-inner{height:var(--spacer-size)}.e-con{--container-widget-width:100%}.e-con-inner>.elementor-widget-spacer,.e-con>.elementor-widget-spacer{width:var(--container-widget-width,var(--spacer-size));--align-self:var(--container-widget-align-self,initial);--flex-shrink:0}.e-con-inner>.elementor-widget-spacer>.elementor-widget-container,.e-con-inner>.elementor-widget-spacer>.elementor-widget-container>.elementor-spacer,.e-con>.elementor-widget-spacer>.elementor-widget-container,.e-con>.elementor-widget-spacer>.elementor-widget-container>.elementor-spacer{height:100%}.e-con-inner>.elementor-widget-spacer>.elementor-widget-container>.elementor-spacer>.elementor-spacer-inner,.e-con>.elementor-widget-spacer>.elementor-widget-container>.elementor-spacer>.elementor-spacer-inner{height:var(--container-widget-height,var(--spacer-size))}<\/style>\t\t<div class=\"elementor-spacer\">\n\t\t\t<div class=\"elementor-spacer-inner\"><\/div>\n\t\t<\/div>\n\t\t\t\t<\/div>\n\t\t\t\t<\/div>\n\t\t\t\t<div class=\"elementor-element elementor-element-c6547d7 elementor-button-info elementor-widget elementor-widget-button\" data-id=\"c6547d7\" data-element_type=\"widget\" data-widget_type=\"button.default\">\n\t\t\t\t<div class=\"elementor-widget-container\">\n\t\t\t\t\t<div class=\"elementor-button-wrapper\">\n\t\t\t<a href=\"#\" class=\"elementor-button-link elementor-button elementor-size-lg\" role=\"button\">\n\t\t\t\t\t\t<span class=\"elementor-button-content-wrapper\">\n\t\t\t\t\t\t<span class=\"elementor-button-text\"> Parcela 600 m2<\/span>\n\t\t<\/span>\n\t\t\t\t\t<\/a>\n\t\t<\/div>\n\t\t\t\t<\/div>\n\t\t\t\t<\/div>\n\t\t\t\t<div class=\"elementor-element elementor-element-5e9053c5 elementor-button-warning elementor-align-right elementor-widget elementor-widget-button\" data-id=\"5e9053c5\" data-element_type=\"widget\" data-widget_type=\"button.default\">\n\t\t\t\t<div class=\"elementor-widget-container\">\n\t\t\t\t\t<div class=\"elementor-button-wrapper\">\n\t\t\t<a href=\"#\" class=\"elementor-button-link elementor-button elementor-size-md\" role=\"button\">\n\t\t\t\t\t\t<span class=\"elementor-button-content-wrapper\">\n\t\t\t\t\t\t<span class=\"elementor-button-text\">Preu: 115.000 \u20ac<\/span>\n\t\t<\/span>\n\t\t\t\t\t<\/a>\n\t\t<\/div>\n\t\t\t\t<\/div>\n\t\t\t\t<\/div>\n\t\t\t\t\t<\/div>\n\t\t<\/div>\n\t\t\t\t\t\t\t<\/div>\n\t\t<\/section>\n\t\t\t\t<section class=\"elementor-section elementor-top-section elementor-element elementor-element-6f533888 elementor-section-boxed elementor-section-height-default elementor-section-height-default\" data-id=\"6f533888\" data-element_type=\"section\">\n\t\t\t\t\t\t<div class=\"elementor-container elementor-column-gap-default\">\n\t\t\t\t\t<div class=\"elementor-column elementor-col-100 elementor-top-column elementor-element elementor-element-6b4447e6\" data-id=\"6b4447e6\" data-element_type=\"column\">\n\t\t\t<div class=\"elementor-widget-wrap\">\n\t\t\t\t\t\t\t\t\t<\/div>\n\t\t<\/div>\n\t\t\t\t\t\t\t<\/div>\n\t\t<\/section>\n\t\t\t\t\t\t\t<\/div>\n\t\t<!-- AddThis Advanced Settings generic via filter on the_content --><!-- AddThis Share Buttons generic via filter on the_content -->","protected":false},"excerpt":{"rendered":"<p>Terreno en R\u00edo de oro REFERENCIA: T24\/01 Imagen anterior Imagen siguiente Terreno urbano en Rio de oro Calonge, preparado para construcci\u00f3n inmediata de casa unifamiliar.\u00a0 Topogr\u00e1fico, geot\u00e9cnico, proyecto b\u00e1sico y tasas de nueva urbanizaci\u00f3n todo pagado. Proyecto ejecutivo a falta de visar. Caracter\u00edstiques: Parcela 600 m2 Preu: 115.000 \u20ac<!-- AddThis Advanced Settings generic via filter on get_the_excerpt --><!-- AddThis Share Buttons generic via filter on get_the_excerpt --><\/p>\n","protected":false},"author":1,"featured_media":0,"parent":0,"menu_order":0,"comment_status":"closed","ping_status":"closed","template":"","meta":{"site-sidebar-layout":"no-sidebar","site-content-layout":"page-builder","ast-global-header-display":"","ast-main-header-display":"","ast-hfb-above-header-display":"","ast-hfb-below-header-display":"","ast-hfb-mobile-header-display":"","site-post-title":"disabled","ast-breadcrumbs-content":"","ast-featured-img":"disabled","footer-sml-layout":"","theme-transparent-header-meta":"","adv-header-id-meta":"","stick-header-meta":"","header-above-stick-meta":"","header-main-stick-meta":"","header-below-stick-meta":"","footnotes":""},"class_list":["post-2841","page","type-page","status-publish","hentry"],"yoast_head":"<!-- This site is optimized with the Yoast SEO plugin v20.8 - https:\/\/yoast.com\/wordpress\/plugins\/seo\/ -->\n<title>t24\/01 - Immo Begur Estate<\/title>\n<meta name=\"robots\" content=\"index, follow, max-snippet:-1, max-image-preview:large, max-video-preview:-1\" \/>\n<link rel=\"canonical\" href=\"https:\/\/immobegurestate.com\/?page_id=2841\" \/>\n<meta property=\"og:locale\" content=\"es_ES\" \/>\n<meta property=\"og:type\" content=\"article\" \/>\n<meta property=\"og:title\" content=\"t24\/01 - Immo Begur Estate\" \/>\n<meta property=\"og:description\" content=\"Terreno en R\u00edo de oro REFERENCIA: T24\/01 Imagen anterior Imagen siguiente Terreno urbano en Rio de oro Calonge, preparado para construcci\u00f3n inmediata de casa unifamiliar.\u00a0 Topogr\u00e1fico, geot\u00e9cnico, proyecto b\u00e1sico y tasas de nueva urbanizaci\u00f3n todo pagado. Proyecto ejecutivo a falta de visar. Caracter\u00edstiques: Parcela 600 m2 Preu: 115.000 \u20ac\" \/>\n<meta property=\"og:url\" content=\"https:\/\/immobegurestate.com\/?page_id=2841\" \/>\n<meta property=\"og:site_name\" content=\"Immo Begur Estate\" \/>\n<meta property=\"article:modified_time\" content=\"2024-02-08T08:46:48+00:00\" \/>\n<meta property=\"og:image\" content=\"https:\/\/immobegurestate.com\/wp-content\/uploads\/2024\/02\/1707380899537.jpg\" \/>\n<meta name=\"twitter:card\" content=\"summary_large_image\" \/>\n<meta name=\"twitter:label1\" content=\"Tiempo de lectura\" \/>\n\t<meta name=\"twitter:data1\" content=\"3 minutos\" \/>\n<script type=\"application\/ld+json\" class=\"yoast-schema-graph\">{\"@context\":\"https:\/\/schema.org\",\"@graph\":[{\"@type\":\"WebPage\",\"@id\":\"https:\/\/immobegurestate.com\/?page_id=2841\",\"url\":\"https:\/\/immobegurestate.com\/?page_id=2841\",\"name\":\"t24\/01 - Immo Begur Estate\",\"isPartOf\":{\"@id\":\"https:\/\/immobegurestate.com\/#website\"},\"datePublished\":\"2024-02-08T08:44:59+00:00\",\"dateModified\":\"2024-02-08T08:46:48+00:00\",\"breadcrumb\":{\"@id\":\"https:\/\/immobegurestate.com\/?page_id=2841#breadcrumb\"},\"inLanguage\":\"es\",\"potentialAction\":[{\"@type\":\"ReadAction\",\"target\":[\"https:\/\/immobegurestate.com\/?page_id=2841\"]}]},{\"@type\":\"BreadcrumbList\",\"@id\":\"https:\/\/immobegurestate.com\/?page_id=2841#breadcrumb\",\"itemListElement\":[{\"@type\":\"ListItem\",\"position\":1,\"name\":\"Portada\",\"item\":\"https:\/\/immobegurestate.com\/\"},{\"@type\":\"ListItem\",\"position\":2,\"name\":\"t24\/01\"}]},{\"@type\":\"WebSite\",\"@id\":\"https:\/\/immobegurestate.com\/#website\",\"url\":\"https:\/\/immobegurestate.com\/\",\"name\":\"Immo Begur Estate\",\"description\":\"\",\"publisher\":{\"@id\":\"https:\/\/immobegurestate.com\/#organization\"},\"potentialAction\":[{\"@type\":\"SearchAction\",\"target\":{\"@type\":\"EntryPoint\",\"urlTemplate\":\"https:\/\/immobegurestate.com\/?s={search_term_string}\"},\"query-input\":\"required name=search_term_string\"}],\"inLanguage\":\"es\"},{\"@type\":\"Organization\",\"@id\":\"https:\/\/immobegurestate.com\/#organization\",\"name\":\"Immo Begur Estate\",\"url\":\"https:\/\/immobegurestate.com\/\",\"logo\":{\"@type\":\"ImageObject\",\"inLanguage\":\"es\",\"@id\":\"https:\/\/immobegurestate.com\/#\/schema\/logo\/image\/\",\"url\":\"https:\/\/immobegurestate.com\/wp-content\/uploads\/2023\/01\/fondotranspr.png\",\"contentUrl\":\"https:\/\/immobegurestate.com\/wp-content\/uploads\/2023\/01\/fondotranspr.png\",\"width\":392,\"height\":330,\"caption\":\"Immo Begur Estate\"},\"image\":{\"@id\":\"https:\/\/immobegurestate.com\/#\/schema\/logo\/image\/\"}}]}<\/script>\n<!-- \/ Yoast SEO plugin. -->","yoast_head_json":{"title":"t24\/01 - Immo Begur Estate","robots":{"index":"index","follow":"follow","max-snippet":"max-snippet:-1","max-image-preview":"max-image-preview:large","max-video-preview":"max-video-preview:-1"},"canonical":"https:\/\/immobegurestate.com\/?page_id=2841","og_locale":"es_ES","og_type":"article","og_title":"t24\/01 - Immo Begur Estate","og_description":"Terreno en R\u00edo de oro REFERENCIA: T24\/01 Imagen anterior Imagen siguiente Terreno urbano en Rio de oro Calonge, preparado para construcci\u00f3n inmediata de casa unifamiliar.\u00a0 Topogr\u00e1fico, geot\u00e9cnico, proyecto b\u00e1sico y tasas de nueva urbanizaci\u00f3n todo pagado. Proyecto ejecutivo a falta de visar. Caracter\u00edstiques: Parcela 600 m2 Preu: 115.000 \u20ac","og_url":"https:\/\/immobegurestate.com\/?page_id=2841","og_site_name":"Immo Begur Estate","article_modified_time":"2024-02-08T08:46:48+00:00","og_image":[{"url":"https:\/\/immobegurestate.com\/wp-content\/uploads\/2024\/02\/1707380899537.jpg"}],"twitter_card":"summary_large_image","twitter_misc":{"Tiempo de lectura":"3 minutos"},"schema":{"@context":"https:\/\/schema.org","@graph":[{"@type":"WebPage","@id":"https:\/\/immobegurestate.com\/?page_id=2841","url":"https:\/\/immobegurestate.com\/?page_id=2841","name":"t24\/01 - Immo Begur Estate","isPartOf":{"@id":"https:\/\/immobegurestate.com\/#website"},"datePublished":"2024-02-08T08:44:59+00:00","dateModified":"2024-02-08T08:46:48+00:00","breadcrumb":{"@id":"https:\/\/immobegurestate.com\/?page_id=2841#breadcrumb"},"inLanguage":"es","potentialAction":[{"@type":"ReadAction","target":["https:\/\/immobegurestate.com\/?page_id=2841"]}]},{"@type":"BreadcrumbList","@id":"https:\/\/immobegurestate.com\/?page_id=2841#breadcrumb","itemListElement":[{"@type":"ListItem","position":1,"name":"Portada","item":"https:\/\/immobegurestate.com\/"},{"@type":"ListItem","position":2,"name":"t24\/01"}]},{"@type":"WebSite","@id":"https:\/\/immobegurestate.com\/#website","url":"https:\/\/immobegurestate.com\/","name":"Immo Begur Estate","description":"","publisher":{"@id":"https:\/\/immobegurestate.com\/#organization"},"potentialAction":[{"@type":"SearchAction","target":{"@type":"EntryPoint","urlTemplate":"https:\/\/immobegurestate.com\/?s={search_term_string}"},"query-input":"required name=search_term_string"}],"inLanguage":"es"},{"@type":"Organization","@id":"https:\/\/immobegurestate.com\/#organization","name":"Immo Begur Estate","url":"https:\/\/immobegurestate.com\/","logo":{"@type":"ImageObject","inLanguage":"es","@id":"https:\/\/immobegurestate.com\/#\/schema\/logo\/image\/","url":"https:\/\/immobegurestate.com\/wp-content\/uploads\/2023\/01\/fondotranspr.png","contentUrl":"https:\/\/immobegurestate.com\/wp-content\/uploads\/2023\/01\/fondotranspr.png","width":392,"height":330,"caption":"Immo Begur Estate"},"image":{"@id":"https:\/\/immobegurestate.com\/#\/schema\/logo\/image\/"}}]}},"_links":{"self":[{"href":"https:\/\/immobegurestate.com\/index.php?rest_route=\/wp\/v2\/pages\/2841","targetHints":{"allow":["GET"]}}],"collection":[{"href":"https:\/\/immobegurestate.com\/index.php?rest_route=\/wp\/v2\/pages"}],"about":[{"href":"https:\/\/immobegurestate.com\/index.php?rest_route=\/wp\/v2\/types\/page"}],"author":[{"embeddable":true,"href":"https:\/\/immobegurestate.com\/index.php?rest_route=\/wp\/v2\/users\/1"}],"replies":[{"embeddable":true,"href":"https:\/\/immobegurestate.com\/index.php?rest_route=%2Fwp%2Fv2%2Fcomments&post=2841"}],"version-history":[{"count":5,"href":"https:\/\/immobegurestate.com\/index.php?rest_route=\/wp\/v2\/pages\/2841\/revisions"}],"predecessor-version":[{"id":2846,"href":"https:\/\/immobegurestate.com\/index.php?rest_route=\/wp\/v2\/pages\/2841\/revisions\/2846"}],"wp:attachment":[{"href":"https:\/\/immobegurestate.com\/index.php?rest_route=%2Fwp%2Fv2%2Fmedia&parent=2841"}],"curies":[{"name":"wp","href":"https:\/\/api.w.org\/{rel}","templated":true}]}}