{"id":2205,"date":"2023-02-08T17:13:56","date_gmt":"2023-02-08T17:13:56","guid":{"rendered":"https:\/\/immobegurestate.com\/?page_id=2205"},"modified":"2023-02-08T18:10:55","modified_gmt":"2023-02-08T18:10:55","slug":"elementor-2205","status":"publish","type":"page","link":"https:\/\/immobegurestate.com\/?page_id=2205","title":{"rendered":"<strong>T23\/01<\/strong>"},"content":{"rendered":"\t\t<div data-elementor-type=\"wp-page\" data-elementor-id=\"2205\" class=\"elementor elementor-2205\">\n\t\t\t\t\t\t\t\t\t<section class=\"elementor-section elementor-top-section elementor-element elementor-element-58abbbc8 elementor-section-content-middle elementor-section-boxed elementor-section-height-default elementor-section-height-default\" data-id=\"58abbbc8\" data-element_type=\"section\" data-settings=\"{&quot;background_background&quot;:&quot;classic&quot;}\">\n\t\t\t\t\t\t<div class=\"elementor-container elementor-column-gap-no\">\n\t\t\t\t\t<div class=\"elementor-column elementor-col-50 elementor-top-column elementor-element elementor-element-16730bb3\" data-id=\"16730bb3\" data-element_type=\"column\">\n\t\t\t<div class=\"elementor-widget-wrap elementor-element-populated\">\n\t\t\t\t\t\t\t\t<section class=\"elementor-section elementor-inner-section elementor-element elementor-element-693fe684 elementor-section-boxed elementor-section-height-default elementor-section-height-default\" data-id=\"693fe684\" data-element_type=\"section\">\n\t\t\t\t\t\t<div class=\"elementor-container elementor-column-gap-default\">\n\t\t\t\t\t<div class=\"elementor-column elementor-col-100 elementor-inner-column elementor-element elementor-element-28f7eb9a\" data-id=\"28f7eb9a\" data-element_type=\"column\">\n\t\t\t<div class=\"elementor-widget-wrap elementor-element-populated\">\n\t\t\t\t\t\t\t\t<div class=\"elementor-element elementor-element-559898f8 elementor-widget elementor-widget-heading\" data-id=\"559898f8\" data-element_type=\"widget\" data-widget_type=\"heading.default\">\n\t\t\t\t<div class=\"elementor-widget-container\">\n\t\t\t<style>\/*! elementor - v3.13.3 - 28-05-2023 *\/\n.elementor-heading-title{padding:0;margin:0;line-height:1}.elementor-widget-heading .elementor-heading-title[class*=elementor-size-]>a{color:inherit;font-size:inherit;line-height:inherit}.elementor-widget-heading .elementor-heading-title.elementor-size-small{font-size:15px}.elementor-widget-heading .elementor-heading-title.elementor-size-medium{font-size:19px}.elementor-widget-heading .elementor-heading-title.elementor-size-large{font-size:29px}.elementor-widget-heading .elementor-heading-title.elementor-size-xl{font-size:39px}.elementor-widget-heading .elementor-heading-title.elementor-size-xxl{font-size:59px}<\/style><h1 class=\"elementor-heading-title elementor-size-xl\">Terreny Urb\u00e0<\/h1>\t\t<\/div>\n\t\t\t\t<\/div>\n\t\t\t\t<div class=\"elementor-element elementor-element-632f39cf elementor-widget elementor-widget-text-editor\" data-id=\"632f39cf\" data-element_type=\"widget\" data-widget_type=\"text-editor.default\">\n\t\t\t\t<div class=\"elementor-widget-container\">\n\t\t\t<style>\/*! elementor - v3.13.3 - 28-05-2023 *\/\n.elementor-widget-text-editor.elementor-drop-cap-view-stacked .elementor-drop-cap{background-color:#69727d;color:#fff}.elementor-widget-text-editor.elementor-drop-cap-view-framed .elementor-drop-cap{color:#69727d;border:3px solid;background-color:transparent}.elementor-widget-text-editor:not(.elementor-drop-cap-view-default) .elementor-drop-cap{margin-top:8px}.elementor-widget-text-editor:not(.elementor-drop-cap-view-default) .elementor-drop-cap-letter{width:1em;height:1em}.elementor-widget-text-editor .elementor-drop-cap{float:left;text-align:center;line-height:1;font-size:50px}.elementor-widget-text-editor .elementor-drop-cap-letter{display:inline-block}<\/style>\t\t\t\t<p><strong>REFERENCIA:\u00a0T23\/01<\/strong><\/p>\t\t\t\t\t\t<\/div>\n\t\t\t\t<\/div>\n\t\t\t\t\t<\/div>\n\t\t<\/div>\n\t\t\t\t\t\t\t<\/div>\n\t\t<\/section>\n\t\t\t\t<div class=\"elementor-element elementor-element-2b752c36 elementor-arrows-position-inside elementor-widget elementor-widget-image-carousel\" data-id=\"2b752c36\" data-element_type=\"widget\" data-settings=\"{&quot;slides_to_show&quot;:&quot;1&quot;,&quot;navigation&quot;:&quot;arrows&quot;,&quot;effect&quot;:&quot;fade&quot;,&quot;autoplay&quot;:&quot;yes&quot;,&quot;pause_on_hover&quot;:&quot;yes&quot;,&quot;pause_on_interaction&quot;:&quot;yes&quot;,&quot;autoplay_speed&quot;:5000,&quot;infinite&quot;:&quot;yes&quot;,&quot;speed&quot;:500}\" data-widget_type=\"image-carousel.default\">\n\t\t\t\t<div class=\"elementor-widget-container\">\n\t\t\t<style>\/*! elementor - v3.13.3 - 28-05-2023 *\/\n.elementor-widget-image-carousel .swiper,.elementor-widget-image-carousel .swiper-container{position:static}.elementor-widget-image-carousel .swiper-container .swiper-slide figure,.elementor-widget-image-carousel .swiper .swiper-slide figure{line-height:inherit}.elementor-widget-image-carousel .swiper-slide{text-align:center}.elementor-image-carousel-wrapper:not(.swiper-container-initialized):not(.swiper-initialized) .swiper-slide{max-width:calc(100% \/ var(--e-image-carousel-slides-to-show, 3))}<\/style>\t\t<div class=\"elementor-image-carousel-wrapper swiper-container\" dir=\"ltr\">\n\t\t\t<div class=\"elementor-image-carousel swiper-wrapper swiper-image-stretch\">\n\t\t\t\t\t\t\t\t<div class=\"swiper-slide\"><a data-elementor-open-lightbox=\"yes\" data-elementor-lightbox-slideshow=\"2b752c36\" data-elementor-lightbox-title=\"1675696248700\" data-e-action-hash=\"#elementor-action%3Aaction%3Dlightbox%26settings%3DeyJpZCI6MjE3NCwidXJsIjoiaHR0cHM6XC9cL2ltbW9iZWd1cmVzdGF0ZS5jb21cL3dwLWNvbnRlbnRcL3VwbG9hZHNcLzIwMjNcLzAyXC8xNjc1Njk2MjQ4NzAwLmpwZyIsInNsaWRlc2hvdyI6IjJiNzUyYzM2In0%3D\" href=\"https:\/\/immobegurestate.com\/wp-content\/uploads\/2023\/02\/1675696248700.jpg\"><figure class=\"swiper-slide-inner\"><img decoding=\"async\" class=\"swiper-slide-image\" src=\"https:\/\/immobegurestate.com\/wp-content\/uploads\/2023\/02\/1675696248700-1024x648.jpg\" alt=\"1675696248700\" \/><\/figure><\/a><\/div><div class=\"swiper-slide\"><a data-elementor-open-lightbox=\"yes\" data-elementor-lightbox-slideshow=\"2b752c36\" data-elementor-lightbox-title=\"1675696248664\" data-e-action-hash=\"#elementor-action%3Aaction%3Dlightbox%26settings%3DeyJpZCI6MjE3MCwidXJsIjoiaHR0cHM6XC9cL2ltbW9iZWd1cmVzdGF0ZS5jb21cL3dwLWNvbnRlbnRcL3VwbG9hZHNcLzIwMjNcLzAyXC8xNjc1Njk2MjQ4NjY0LmpwZyIsInNsaWRlc2hvdyI6IjJiNzUyYzM2In0%3D\" href=\"https:\/\/immobegurestate.com\/wp-content\/uploads\/2023\/02\/1675696248664.jpg\"><figure class=\"swiper-slide-inner\"><img decoding=\"async\" class=\"swiper-slide-image\" src=\"https:\/\/immobegurestate.com\/wp-content\/uploads\/2023\/02\/1675696248664-1024x648.jpg\" alt=\"1675696248664\" \/><\/figure><\/a><\/div><div class=\"swiper-slide\"><a data-elementor-open-lightbox=\"yes\" data-elementor-lightbox-slideshow=\"2b752c36\" data-elementor-lightbox-title=\"1675696248679\" data-e-action-hash=\"#elementor-action%3Aaction%3Dlightbox%26settings%3DeyJpZCI6MjE3MSwidXJsIjoiaHR0cHM6XC9cL2ltbW9iZWd1cmVzdGF0ZS5jb21cL3dwLWNvbnRlbnRcL3VwbG9hZHNcLzIwMjNcLzAyXC8xNjc1Njk2MjQ4Njc5LmpwZyIsInNsaWRlc2hvdyI6IjJiNzUyYzM2In0%3D\" href=\"https:\/\/immobegurestate.com\/wp-content\/uploads\/2023\/02\/1675696248679.jpg\"><figure class=\"swiper-slide-inner\"><img decoding=\"async\" class=\"swiper-slide-image\" src=\"https:\/\/immobegurestate.com\/wp-content\/uploads\/2023\/02\/1675696248679-1024x648.jpg\" alt=\"1675696248679\" \/><\/figure><\/a><\/div><div class=\"swiper-slide\"><a data-elementor-open-lightbox=\"yes\" data-elementor-lightbox-slideshow=\"2b752c36\" data-elementor-lightbox-title=\"1675696248684\" data-e-action-hash=\"#elementor-action%3Aaction%3Dlightbox%26settings%3DeyJpZCI6MjE3MiwidXJsIjoiaHR0cHM6XC9cL2ltbW9iZWd1cmVzdGF0ZS5jb21cL3dwLWNvbnRlbnRcL3VwbG9hZHNcLzIwMjNcLzAyXC8xNjc1Njk2MjQ4Njg0LmpwZyIsInNsaWRlc2hvdyI6IjJiNzUyYzM2In0%3D\" href=\"https:\/\/immobegurestate.com\/wp-content\/uploads\/2023\/02\/1675696248684.jpg\"><figure class=\"swiper-slide-inner\"><img decoding=\"async\" class=\"swiper-slide-image\" src=\"https:\/\/immobegurestate.com\/wp-content\/uploads\/2023\/02\/1675696248684-1024x648.jpg\" alt=\"1675696248684\" \/><\/figure><\/a><\/div><div class=\"swiper-slide\"><a data-elementor-open-lightbox=\"yes\" data-elementor-lightbox-slideshow=\"2b752c36\" data-elementor-lightbox-title=\"1675696248695\" data-e-action-hash=\"#elementor-action%3Aaction%3Dlightbox%26settings%3DeyJpZCI6MjE3MywidXJsIjoiaHR0cHM6XC9cL2ltbW9iZWd1cmVzdGF0ZS5jb21cL3dwLWNvbnRlbnRcL3VwbG9hZHNcLzIwMjNcLzAyXC8xNjc1Njk2MjQ4Njk1LmpwZyIsInNsaWRlc2hvdyI6IjJiNzUyYzM2In0%3D\" href=\"https:\/\/immobegurestate.com\/wp-content\/uploads\/2023\/02\/1675696248695.jpg\"><figure class=\"swiper-slide-inner\"><img decoding=\"async\" class=\"swiper-slide-image\" src=\"https:\/\/immobegurestate.com\/wp-content\/uploads\/2023\/02\/1675696248695-1024x708.jpg\" alt=\"1675696248695\" \/><\/figure><\/a><\/div><div class=\"swiper-slide\"><a data-elementor-open-lightbox=\"yes\" data-elementor-lightbox-slideshow=\"2b752c36\" data-elementor-lightbox-title=\"1675696248724\" data-e-action-hash=\"#elementor-action%3Aaction%3Dlightbox%26settings%3DeyJpZCI6MjE3OCwidXJsIjoiaHR0cHM6XC9cL2ltbW9iZWd1cmVzdGF0ZS5jb21cL3dwLWNvbnRlbnRcL3VwbG9hZHNcLzIwMjNcLzAyXC8xNjc1Njk2MjQ4NzI0LmpwZyIsInNsaWRlc2hvdyI6IjJiNzUyYzM2In0%3D\" href=\"https:\/\/immobegurestate.com\/wp-content\/uploads\/2023\/02\/1675696248724.jpg\"><figure class=\"swiper-slide-inner\"><img decoding=\"async\" class=\"swiper-slide-image\" src=\"https:\/\/immobegurestate.com\/wp-content\/uploads\/2023\/02\/1675696248724-1024x661.jpg\" alt=\"1675696248724\" \/><\/figure><\/a><\/div><div class=\"swiper-slide\"><a data-elementor-open-lightbox=\"yes\" data-elementor-lightbox-slideshow=\"2b752c36\" data-elementor-lightbox-title=\"1675696248713\" data-e-action-hash=\"#elementor-action%3Aaction%3Dlightbox%26settings%3DeyJpZCI6MjE3NiwidXJsIjoiaHR0cHM6XC9cL2ltbW9iZWd1cmVzdGF0ZS5jb21cL3dwLWNvbnRlbnRcL3VwbG9hZHNcLzIwMjNcLzAyXC8xNjc1Njk2MjQ4NzEzLmpwZyIsInNsaWRlc2hvdyI6IjJiNzUyYzM2In0%3D\" href=\"https:\/\/immobegurestate.com\/wp-content\/uploads\/2023\/02\/1675696248713.jpg\"><figure class=\"swiper-slide-inner\"><img decoding=\"async\" class=\"swiper-slide-image\" src=\"https:\/\/immobegurestate.com\/wp-content\/uploads\/2023\/02\/1675696248713-673x1024.jpg\" alt=\"1675696248713\" \/><\/figure><\/a><\/div><div class=\"swiper-slide\"><a data-elementor-open-lightbox=\"yes\" data-elementor-lightbox-slideshow=\"2b752c36\" data-elementor-lightbox-title=\"1675696248707\" data-e-action-hash=\"#elementor-action%3Aaction%3Dlightbox%26settings%3DeyJpZCI6MjE3NSwidXJsIjoiaHR0cHM6XC9cL2ltbW9iZWd1cmVzdGF0ZS5jb21cL3dwLWNvbnRlbnRcL3VwbG9hZHNcLzIwMjNcLzAyXC8xNjc1Njk2MjQ4NzA3LmpwZyIsInNsaWRlc2hvdyI6IjJiNzUyYzM2In0%3D\" href=\"https:\/\/immobegurestate.com\/wp-content\/uploads\/2023\/02\/1675696248707.jpg\"><figure class=\"swiper-slide-inner\"><img decoding=\"async\" class=\"swiper-slide-image\" src=\"https:\/\/immobegurestate.com\/wp-content\/uploads\/2023\/02\/1675696248707-1024x705.jpg\" alt=\"1675696248707\" \/><\/figure><\/a><\/div><div class=\"swiper-slide\"><a data-elementor-open-lightbox=\"yes\" data-elementor-lightbox-slideshow=\"2b752c36\" data-elementor-lightbox-title=\"1675696248738\" data-e-action-hash=\"#elementor-action%3Aaction%3Dlightbox%26settings%3DeyJpZCI6MjE3OSwidXJsIjoiaHR0cHM6XC9cL2ltbW9iZWd1cmVzdGF0ZS5jb21cL3dwLWNvbnRlbnRcL3VwbG9hZHNcLzIwMjNcLzAyXC8xNjc1Njk2MjQ4NzM4LmpwZyIsInNsaWRlc2hvdyI6IjJiNzUyYzM2In0%3D\" href=\"https:\/\/immobegurestate.com\/wp-content\/uploads\/2023\/02\/1675696248738.jpg\"><figure class=\"swiper-slide-inner\"><img decoding=\"async\" class=\"swiper-slide-image\" src=\"https:\/\/immobegurestate.com\/wp-content\/uploads\/2023\/02\/1675696248738-1024x688.jpg\" alt=\"1675696248738\" \/><\/figure><\/a><\/div>\t\t\t<\/div>\n\t\t\t\t\t\t\t\t\t\t\t\t\t\t\t\t<div class=\"elementor-swiper-button elementor-swiper-button-prev\" role=\"button\" tabindex=\"0\">\n\t\t\t\t\t\t<i aria-hidden=\"true\" class=\"eicon-chevron-left\"><\/i>\t\t\t\t\t\t<span class=\"elementor-screen-only\">Imagen anterior<\/span>\n\t\t\t\t\t<\/div>\n\t\t\t\t\t<div class=\"elementor-swiper-button elementor-swiper-button-next\" role=\"button\" tabindex=\"0\">\n\t\t\t\t\t\t<i aria-hidden=\"true\" class=\"eicon-chevron-right\"><\/i>\t\t\t\t\t\t<span class=\"elementor-screen-only\">Imagen siguiente<\/span>\n\t\t\t\t\t<\/div>\n\t\t\t\t\t\t\t\t\t<\/div>\n\t\t\t\t<\/div>\n\t\t\t\t<\/div>\n\t\t\t\t\t<\/div>\n\t\t<\/div>\n\t\t\t\t<div class=\"elementor-column elementor-col-50 elementor-top-column elementor-element elementor-element-a6ced9c\" data-id=\"a6ced9c\" data-element_type=\"column\">\n\t\t\t<div class=\"elementor-widget-wrap elementor-element-populated\">\n\t\t\t\t\t\t\t\t<div class=\"elementor-element elementor-element-182a1334 elementor-widget elementor-widget-text-editor\" data-id=\"182a1334\" data-element_type=\"widget\" data-widget_type=\"text-editor.default\">\n\t\t\t\t<div class=\"elementor-widget-container\">\n\t\t\t\t\t\t\t<p>Terreny urb\u00e0, amb 2000 m2, a 15 km de platges,zona Alt empord\u00e0<\/p>\t\t\t\t\t\t<\/div>\n\t\t\t\t<\/div>\n\t\t\t\t<div class=\"elementor-element elementor-element-44c76807 elementor-widget elementor-widget-heading\" data-id=\"44c76807\" data-element_type=\"widget\" data-widget_type=\"heading.default\">\n\t\t\t\t<div class=\"elementor-widget-container\">\n\t\t\t<h6 class=\"elementor-heading-title elementor-size-default\">Caracter\u00edstiques:<\/h6>\t\t<\/div>\n\t\t\t\t<\/div>\n\t\t\t\t<div class=\"elementor-element elementor-element-502c7b2f elementor-widget elementor-widget-spacer\" data-id=\"502c7b2f\" data-element_type=\"widget\" data-widget_type=\"spacer.default\">\n\t\t\t\t<div class=\"elementor-widget-container\">\n\t\t\t<style>\/*! elementor - v3.13.3 - 28-05-2023 *\/\n.elementor-column .elementor-spacer-inner{height:var(--spacer-size)}.e-con{--container-widget-width:100%}.e-con-inner>.elementor-widget-spacer,.e-con>.elementor-widget-spacer{width:var(--container-widget-width,var(--spacer-size));--align-self:var(--container-widget-align-self,initial);--flex-shrink:0}.e-con-inner>.elementor-widget-spacer>.elementor-widget-container,.e-con-inner>.elementor-widget-spacer>.elementor-widget-container>.elementor-spacer,.e-con>.elementor-widget-spacer>.elementor-widget-container,.e-con>.elementor-widget-spacer>.elementor-widget-container>.elementor-spacer{height:100%}.e-con-inner>.elementor-widget-spacer>.elementor-widget-container>.elementor-spacer>.elementor-spacer-inner,.e-con>.elementor-widget-spacer>.elementor-widget-container>.elementor-spacer>.elementor-spacer-inner{height:var(--container-widget-height,var(--spacer-size))}<\/style>\t\t<div class=\"elementor-spacer\">\n\t\t\t<div class=\"elementor-spacer-inner\"><\/div>\n\t\t<\/div>\n\t\t\t\t<\/div>\n\t\t\t\t<\/div>\n\t\t\t\t<div class=\"elementor-element elementor-element-58db2928 elementor-icon-list--layout-traditional elementor-list-item-link-full_width elementor-widget elementor-widget-icon-list\" data-id=\"58db2928\" data-element_type=\"widget\" data-widget_type=\"icon-list.default\">\n\t\t\t\t<div class=\"elementor-widget-container\">\n\t\t\t<link rel=\"stylesheet\" href=\"https:\/\/immobegurestate.com\/wp-content\/plugins\/elementor\/assets\/css\/widget-icon-list.min.css\">\t\t<ul class=\"elementor-icon-list-items\">\n\t\t\t\t\t\t\t<li class=\"elementor-icon-list-item\">\n\t\t\t\t\t\t\t\t\t\t\t<span class=\"elementor-icon-list-icon\">\n\t\t\t\t\t\t\t<i aria-hidden=\"true\" class=\"fas fa-bed\"><\/i>\t\t\t\t\t\t<\/span>\n\t\t\t\t\t\t\t\t\t\t<span class=\"elementor-icon-list-text\">-<\/span>\n\t\t\t\t\t\t\t\t\t<\/li>\n\t\t\t\t\t\t\t\t<li class=\"elementor-icon-list-item\">\n\t\t\t\t\t\t\t\t\t\t\t<span class=\"elementor-icon-list-icon\">\n\t\t\t\t\t\t\t<i aria-hidden=\"true\" class=\"fas fa-bath\"><\/i>\t\t\t\t\t\t<\/span>\n\t\t\t\t\t\t\t\t\t\t<span class=\"elementor-icon-list-text\">-<\/span>\n\t\t\t\t\t\t\t\t\t<\/li>\n\t\t\t\t\t\t\t\t<li class=\"elementor-icon-list-item\">\n\t\t\t\t\t\t\t\t\t\t\t<span class=\"elementor-icon-list-icon\">\n\t\t\t\t\t\t\t<i aria-hidden=\"true\" class=\"fas fa-home\"><\/i>\t\t\t\t\t\t<\/span>\n\t\t\t\t\t\t\t\t\t\t<span class=\"elementor-icon-list-text\">-<\/span>\n\t\t\t\t\t\t\t\t\t<\/li>\n\t\t\t\t\t\t\t\t<li class=\"elementor-icon-list-item\">\n\t\t\t\t\t\t\t\t\t\t\t<span class=\"elementor-icon-list-icon\">\n\t\t\t\t\t\t\t<i aria-hidden=\"true\" class=\"fas fa-map\"><\/i>\t\t\t\t\t\t<\/span>\n\t\t\t\t\t\t\t\t\t\t<span class=\"elementor-icon-list-text\">Parcela 2.000 m2<\/span>\n\t\t\t\t\t\t\t\t\t<\/li>\n\t\t\t\t\t\t<\/ul>\n\t\t\t\t<\/div>\n\t\t\t\t<\/div>\n\t\t\t\t<div class=\"elementor-element elementor-element-414e76b1 elementor-button-warning elementor-align-right elementor-widget elementor-widget-button\" data-id=\"414e76b1\" data-element_type=\"widget\" data-widget_type=\"button.default\">\n\t\t\t\t<div class=\"elementor-widget-container\">\n\t\t\t\t\t<div class=\"elementor-button-wrapper\">\n\t\t\t<a href=\"#\" class=\"elementor-button-link elementor-button elementor-size-md\" role=\"button\">\n\t\t\t\t\t\t<span class=\"elementor-button-content-wrapper\">\n\t\t\t\t\t\t<span class=\"elementor-button-text\">Preu: a consultar<\/span>\n\t\t<\/span>\n\t\t\t\t\t<\/a>\n\t\t<\/div>\n\t\t\t\t<\/div>\n\t\t\t\t<\/div>\n\t\t\t\t<div class=\"elementor-element elementor-element-41fb2065 elementor-widget elementor-widget-heading\" data-id=\"41fb2065\" data-element_type=\"widget\" data-widget_type=\"heading.default\">\n\t\t\t\t<div class=\"elementor-widget-container\">\n\t\t\t<h6 class=\"elementor-heading-title elementor-size-default\">Compartir aquesta propietat:<\/h6>\t\t<\/div>\n\t\t\t\t<\/div>\n\t\t\t\t<div class=\"elementor-element elementor-element-38ee3e2c elementor-widget elementor-widget-shortcode\" data-id=\"38ee3e2c\" data-element_type=\"widget\" data-widget_type=\"shortcode.default\">\n\t\t\t\t<div class=\"elementor-widget-container\">\n\t\t\t\t\t<div class=\"elementor-shortcode\">                <!-- Go to www.addthis.com\/dashboard to customize your tools -->\n                <div class=\"addthis_inline_share_toolbox\"><\/div><\/div>\n\t\t\t\t<\/div>\n\t\t\t\t<\/div>\n\t\t\t\t\t<\/div>\n\t\t<\/div>\n\t\t\t\t\t\t\t<\/div>\n\t\t<\/section>\n\t\t\t\t\t\t\t<\/div>\n\t\t<!-- AddThis Advanced Settings generic via filter on the_content --><!-- AddThis Share Buttons generic via filter on the_content -->","protected":false},"excerpt":{"rendered":"<p>Terreny Urb\u00e0 REFERENCIA:&nbsp;T23\/01 Anterior Siguiente Terreny urb\u00e0, amb 2000 m2, a 15 km de platges,zona Alt empord\u00e0 Caracter\u00edstiques: &#8211; &#8211; &#8211; Parcela 2.000 m2 Preu: a consultar Compartir aquesta propietat:<!-- AddThis Advanced Settings generic via filter on get_the_excerpt --><!-- AddThis Share Buttons generic via filter on get_the_excerpt --><\/p>\n","protected":false},"author":1,"featured_media":0,"parent":0,"menu_order":0,"comment_status":"closed","ping_status":"closed","template":"","meta":{"site-sidebar-layout":"no-sidebar","site-content-layout":"page-builder","ast-global-header-display":"","ast-main-header-display":"","ast-hfb-above-header-display":"","ast-hfb-below-header-display":"","ast-hfb-mobile-header-display":"","site-post-title":"disabled","ast-breadcrumbs-content":"","ast-featured-img":"disabled","footer-sml-layout":"","theme-transparent-header-meta":"","adv-header-id-meta":"","stick-header-meta":"","header-above-stick-meta":"","header-main-stick-meta":"","header-below-stick-meta":"","footnotes":""},"class_list":["post-2205","page","type-page","status-publish","hentry"],"yoast_head":"<!-- This site is optimized with the Yoast SEO plugin v20.8 - https:\/\/yoast.com\/wordpress\/plugins\/seo\/ -->\n<title>T23\/01 - Immo Begur Estate<\/title>\n<meta name=\"robots\" content=\"index, follow, max-snippet:-1, max-image-preview:large, max-video-preview:-1\" \/>\n<link rel=\"canonical\" href=\"https:\/\/immobegurestate.com\/?page_id=2205\" \/>\n<meta property=\"og:locale\" content=\"es_ES\" \/>\n<meta property=\"og:type\" content=\"article\" \/>\n<meta property=\"og:title\" content=\"T23\/01 - Immo Begur Estate\" \/>\n<meta property=\"og:description\" content=\"Terreny Urb\u00e0 REFERENCIA:&nbsp;T23\/01 Anterior Siguiente Terreny urb\u00e0, amb 2000 m2, a 15 km de platges,zona Alt empord\u00e0 Caracter\u00edstiques: &#8211; &#8211; &#8211; Parcela 2.000 m2 Preu: a consultar Compartir aquesta propietat:\" \/>\n<meta property=\"og:url\" content=\"https:\/\/immobegurestate.com\/?page_id=2205\" \/>\n<meta property=\"og:site_name\" content=\"Immo Begur Estate\" \/>\n<meta property=\"article:modified_time\" content=\"2023-02-08T18:10:55+00:00\" \/>\n<meta property=\"og:image\" content=\"https:\/\/immobegurestate.com\/wp-content\/uploads\/2023\/02\/1675696248700-1024x648.jpg\" \/>\n<meta name=\"twitter:card\" content=\"summary_large_image\" \/>\n<script type=\"application\/ld+json\" class=\"yoast-schema-graph\">{\"@context\":\"https:\/\/schema.org\",\"@graph\":[{\"@type\":\"WebPage\",\"@id\":\"https:\/\/immobegurestate.com\/?page_id=2205\",\"url\":\"https:\/\/immobegurestate.com\/?page_id=2205\",\"name\":\"T23\/01 - Immo Begur Estate\",\"isPartOf\":{\"@id\":\"https:\/\/immobegurestate.com\/#website\"},\"datePublished\":\"2023-02-08T17:13:56+00:00\",\"dateModified\":\"2023-02-08T18:10:55+00:00\",\"breadcrumb\":{\"@id\":\"https:\/\/immobegurestate.com\/?page_id=2205#breadcrumb\"},\"inLanguage\":\"es\",\"potentialAction\":[{\"@type\":\"ReadAction\",\"target\":[\"https:\/\/immobegurestate.com\/?page_id=2205\"]}]},{\"@type\":\"BreadcrumbList\",\"@id\":\"https:\/\/immobegurestate.com\/?page_id=2205#breadcrumb\",\"itemListElement\":[{\"@type\":\"ListItem\",\"position\":1,\"name\":\"Portada\",\"item\":\"https:\/\/immobegurestate.com\/\"},{\"@type\":\"ListItem\",\"position\":2,\"name\":\"T23\/01\"}]},{\"@type\":\"WebSite\",\"@id\":\"https:\/\/immobegurestate.com\/#website\",\"url\":\"https:\/\/immobegurestate.com\/\",\"name\":\"Immo Begur Estate\",\"description\":\"\",\"publisher\":{\"@id\":\"https:\/\/immobegurestate.com\/#organization\"},\"potentialAction\":[{\"@type\":\"SearchAction\",\"target\":{\"@type\":\"EntryPoint\",\"urlTemplate\":\"https:\/\/immobegurestate.com\/?s={search_term_string}\"},\"query-input\":\"required name=search_term_string\"}],\"inLanguage\":\"es\"},{\"@type\":\"Organization\",\"@id\":\"https:\/\/immobegurestate.com\/#organization\",\"name\":\"Immo Begur Estate\",\"url\":\"https:\/\/immobegurestate.com\/\",\"logo\":{\"@type\":\"ImageObject\",\"inLanguage\":\"es\",\"@id\":\"https:\/\/immobegurestate.com\/#\/schema\/logo\/image\/\",\"url\":\"https:\/\/immobegurestate.com\/wp-content\/uploads\/2023\/01\/fondotranspr.png\",\"contentUrl\":\"https:\/\/immobegurestate.com\/wp-content\/uploads\/2023\/01\/fondotranspr.png\",\"width\":392,\"height\":330,\"caption\":\"Immo Begur Estate\"},\"image\":{\"@id\":\"https:\/\/immobegurestate.com\/#\/schema\/logo\/image\/\"}}]}<\/script>\n<!-- \/ Yoast SEO plugin. -->","yoast_head_json":{"title":"T23\/01 - Immo Begur Estate","robots":{"index":"index","follow":"follow","max-snippet":"max-snippet:-1","max-image-preview":"max-image-preview:large","max-video-preview":"max-video-preview:-1"},"canonical":"https:\/\/immobegurestate.com\/?page_id=2205","og_locale":"es_ES","og_type":"article","og_title":"T23\/01 - Immo Begur Estate","og_description":"Terreny Urb\u00e0 REFERENCIA:&nbsp;T23\/01 Anterior Siguiente Terreny urb\u00e0, amb 2000 m2, a 15 km de platges,zona Alt empord\u00e0 Caracter\u00edstiques: &#8211; &#8211; &#8211; Parcela 2.000 m2 Preu: a consultar Compartir aquesta propietat:","og_url":"https:\/\/immobegurestate.com\/?page_id=2205","og_site_name":"Immo Begur Estate","article_modified_time":"2023-02-08T18:10:55+00:00","og_image":[{"url":"https:\/\/immobegurestate.com\/wp-content\/uploads\/2023\/02\/1675696248700-1024x648.jpg"}],"twitter_card":"summary_large_image","schema":{"@context":"https:\/\/schema.org","@graph":[{"@type":"WebPage","@id":"https:\/\/immobegurestate.com\/?page_id=2205","url":"https:\/\/immobegurestate.com\/?page_id=2205","name":"T23\/01 - Immo Begur Estate","isPartOf":{"@id":"https:\/\/immobegurestate.com\/#website"},"datePublished":"2023-02-08T17:13:56+00:00","dateModified":"2023-02-08T18:10:55+00:00","breadcrumb":{"@id":"https:\/\/immobegurestate.com\/?page_id=2205#breadcrumb"},"inLanguage":"es","potentialAction":[{"@type":"ReadAction","target":["https:\/\/immobegurestate.com\/?page_id=2205"]}]},{"@type":"BreadcrumbList","@id":"https:\/\/immobegurestate.com\/?page_id=2205#breadcrumb","itemListElement":[{"@type":"ListItem","position":1,"name":"Portada","item":"https:\/\/immobegurestate.com\/"},{"@type":"ListItem","position":2,"name":"T23\/01"}]},{"@type":"WebSite","@id":"https:\/\/immobegurestate.com\/#website","url":"https:\/\/immobegurestate.com\/","name":"Immo Begur Estate","description":"","publisher":{"@id":"https:\/\/immobegurestate.com\/#organization"},"potentialAction":[{"@type":"SearchAction","target":{"@type":"EntryPoint","urlTemplate":"https:\/\/immobegurestate.com\/?s={search_term_string}"},"query-input":"required name=search_term_string"}],"inLanguage":"es"},{"@type":"Organization","@id":"https:\/\/immobegurestate.com\/#organization","name":"Immo Begur Estate","url":"https:\/\/immobegurestate.com\/","logo":{"@type":"ImageObject","inLanguage":"es","@id":"https:\/\/immobegurestate.com\/#\/schema\/logo\/image\/","url":"https:\/\/immobegurestate.com\/wp-content\/uploads\/2023\/01\/fondotranspr.png","contentUrl":"https:\/\/immobegurestate.com\/wp-content\/uploads\/2023\/01\/fondotranspr.png","width":392,"height":330,"caption":"Immo Begur Estate"},"image":{"@id":"https:\/\/immobegurestate.com\/#\/schema\/logo\/image\/"}}]}},"_links":{"self":[{"href":"https:\/\/immobegurestate.com\/index.php?rest_route=\/wp\/v2\/pages\/2205","targetHints":{"allow":["GET"]}}],"collection":[{"href":"https:\/\/immobegurestate.com\/index.php?rest_route=\/wp\/v2\/pages"}],"about":[{"href":"https:\/\/immobegurestate.com\/index.php?rest_route=\/wp\/v2\/types\/page"}],"author":[{"embeddable":true,"href":"https:\/\/immobegurestate.com\/index.php?rest_route=\/wp\/v2\/users\/1"}],"replies":[{"embeddable":true,"href":"https:\/\/immobegurestate.com\/index.php?rest_route=%2Fwp%2Fv2%2Fcomments&post=2205"}],"version-history":[{"count":14,"href":"https:\/\/immobegurestate.com\/index.php?rest_route=\/wp\/v2\/pages\/2205\/revisions"}],"predecessor-version":[{"id":2219,"href":"https:\/\/immobegurestate.com\/index.php?rest_route=\/wp\/v2\/pages\/2205\/revisions\/2219"}],"wp:attachment":[{"href":"https:\/\/immobegurestate.com\/index.php?rest_route=%2Fwp%2Fv2%2Fmedia&parent=2205"}],"curies":[{"name":"wp","href":"https:\/\/api.w.org\/{rel}","templated":true}]}}