{"id":1355,"date":"2023-01-26T10:31:13","date_gmt":"2023-01-26T10:31:13","guid":{"rendered":"https:\/\/immobegurestate.com\/?page_id=1355"},"modified":"2023-03-02T10:09:09","modified_gmt":"2023-03-02T10:09:09","slug":"politica-dades","status":"publish","type":"page","link":"https:\/\/immobegurestate.com\/?page_id=1355","title":{"rendered":"Pol\u00edtica dades"},"content":{"rendered":"\t\t<div data-elementor-type=\"wp-page\" data-elementor-id=\"1355\" class=\"elementor elementor-1355\">\n\t\t\t\t\t\t\t\t\t<section class=\"elementor-section elementor-top-section elementor-element elementor-element-fb58a38 elementor-section-boxed elementor-section-height-default elementor-section-height-default\" data-id=\"fb58a38\" data-element_type=\"section\">\n\t\t\t\t\t\t<div class=\"elementor-container elementor-column-gap-default\">\n\t\t\t\t\t<div class=\"elementor-column elementor-col-100 elementor-top-column elementor-element elementor-element-11731a9c\" data-id=\"11731a9c\" data-element_type=\"column\">\n\t\t\t<div class=\"elementor-widget-wrap elementor-element-populated\">\n\t\t\t\t\t\t\t\t<div class=\"elementor-element elementor-element-254b8233 elementor-widget elementor-widget-text-editor\" data-id=\"254b8233\" data-element_type=\"widget\" data-widget_type=\"text-editor.default\">\n\t\t\t\t<div class=\"elementor-widget-container\">\n\t\t\t<style>\/*! elementor - v3.13.3 - 28-05-2023 *\/\n.elementor-widget-text-editor.elementor-drop-cap-view-stacked .elementor-drop-cap{background-color:#69727d;color:#fff}.elementor-widget-text-editor.elementor-drop-cap-view-framed .elementor-drop-cap{color:#69727d;border:3px solid;background-color:transparent}.elementor-widget-text-editor:not(.elementor-drop-cap-view-default) .elementor-drop-cap{margin-top:8px}.elementor-widget-text-editor:not(.elementor-drop-cap-view-default) .elementor-drop-cap-letter{width:1em;height:1em}.elementor-widget-text-editor .elementor-drop-cap{float:left;text-align:center;line-height:1;font-size:50px}.elementor-widget-text-editor .elementor-drop-cap-letter{display:inline-block}<\/style>\t\t\t\t<h3>POL\u00cdTICA DE PROTECCI\u00d3 DE DADES<\/h3><h4>Qui \u00e9s el responsable del tractament de les dades personals?<\/h4><p>El responsable del tractament de les dades personals \u00e9s Josep Maria Medina Maya . (Des d&#8217;ara Immo Begur Estate), amb DNI: 40518939T i domicili al C. Iolanda de Cruilles, 8 de Begur (CP 17255), tel\u00e8fon: (+34) 652 95 80 36, correu electr\u00f2nic: immobegurestate@gmail.com, www.immobegurestate.com.<\/p><h4>Amb quina finalitat i amb quina legitimaci\u00f3 tractem les dades?<\/h4><p>Contacte. Atenem les consultes de les persones que contacten amb nosaltres mitjan\u00e7ant correu electr\u00f2nic, formulari de contacte de la nostra web o telef\u00f2nicament. Tractem aquestes dades amb el consentiment de la persona que es dirigeix a nosaltres. Serveis als clients. Registrem als clients i les dades addicionals que es puguin generar com a resultat de la relaci\u00f3 comercial amb aquests clients. La relaci\u00f3 comercial comporta incorporar les dades a la comptabilitat, la facturaci\u00f3 o informaci\u00f3 a l&#8217;administraci\u00f3 tribut\u00e0ria. Tractem aquestes dades en compliment de les relacions contractuals i d&#8217;obligacions legals.<\/p><p>Gesti\u00f3 de les dades dels nostres prove\u00efdors. Tractem les dades dels prove\u00efdors de qui obtenim b\u00e9ns o serveis. Obtenim les dades necess\u00e0ries per a mantenir la relaci\u00f3 comercial i els destinem \u00fanicament a aquesta finalitat. Tractem aquestes dades en compliment de les relacions contractuals i d&#8217;obligacions legals.<\/p><h4>A qui es comuniquen les dades?<\/h4><p>Com a criteri general, \u00fanicament comuniquem dades a administracions o poders p\u00fablics i sempre en compliment d&#8217;obligacions legals. A la facturaci\u00f3 podem comunicar-los a entitats banc\u00e0ries. No es realitzen transfer\u00e8ncies de dades fora de l&#8217;\u00e0mbit de la Uni\u00f3 Europea (transfer\u00e8ncia internacional).<\/p><h4>Quant de temps conservem les dades?<\/h4><p>Complim l&#8217;obligaci\u00f3 legal de limitar al m\u00e0xim el termini de conservaci\u00f3 de les dades. Per aquest motiu es conserven nom\u00e9s el temps necessari i justificat per a la finalitat que va motivar l&#8217;obtenci\u00f3. En determinats casos, com les dades que figuren en la documentaci\u00f3 comptable i la facturaci\u00f3, la normativa fiscal obliga a conservar-fins que no prescriguin les responsabilitats en aquesta mat\u00e8ria. En el cas de les dades que es tracten sobre la base del consentiment de la persona interessada, es conserven fins que aquesta persona no revoca el seu consentiment.<\/p><h4>Quins drets tenen les persones en relaci\u00f3 amb les dades que tractem?<\/h4><p>Les persones de qui tractem dades tenen els seg\u00fcents drets:<\/p><ul><li>A accedir. Dret a saber quines dades personals s\u00f3n objecte de tractament, quina \u00e9s la finalitat per la qual es tracten, les comunicacions a altres persones, el dret a obtenir c\u00f2pia o a saber el termini previst de conservaci\u00f3.<\/li><li>A demanar la rectificaci\u00f3. Dret a fer rectificar les dades inexactes.<\/li><li>A demanar la supressi\u00f3. Dret a demanar la supressi\u00f3 de les dades quan, entre altres motius, no siguin necessaris per als fins pels quals van ser recollits i justificaven el tractament.<\/li><li>Demanar la limitaci\u00f3 del tractament. En determinades circumst\u00e0ncies existeix el dret a demanar la limitaci\u00f3 del tractament de les dades: deixaran de ser tractats i nom\u00e9s es conservaran per a l&#8217;exercici o defensa de reclamacions.<\/li><li>A la portabilitat. Dret a obtenir les dades personals en un format d&#8217;\u00fas com\u00fa llegible per m\u00e0quina, i a transmetre&#8217;ls a un altre responsable del tractament si aix\u00ed ho decideix la persona interessada.<\/li><li>A oposar-se al tractament. En adduir motius relacionats amb la seva situaci\u00f3 particular, una persona ens pot demanar que deixem de tractar les seves dades si li pugui comportar un perjudici.<\/li><\/ul><h4>Com es poden exercir o defensar els drets?<\/h4><p>Els drets que acabem d&#8217;enumerar es poden exercir adre\u00e7ant una sol\u2022licitud escrita a Immo Begur Estate,\u00a0\u00a0domicili al C. Iolanda de Cruilles, 8 de Begur (CP 17255)\u00a0o b\u00e9 enviant un correu electr\u00f2nic a immobegurestate@gmail.com indicant en tots els casos \u00abProtecci\u00f3 de dades personals \u00ab. Si no s&#8217;ha obtingut resposta satisfact\u00f2ria en l&#8217;exercici dels drets, \u00e9s possible presentar una reclamaci\u00f3 davant l&#8217;Ag\u00e8ncia Espanyola de Protecci\u00f3 de Dades, mitjan\u00e7ant els formularis o canals accessibles des de la seva p\u00e0gina web www.agpd.es.<\/p>\t\t\t\t\t\t<\/div>\n\t\t\t\t<\/div>\n\t\t\t\t\t<\/div>\n\t\t<\/div>\n\t\t\t\t\t\t\t<\/div>\n\t\t<\/section>\n\t\t\t\t\t\t\t<\/div>\n\t\t<!-- AddThis Advanced Settings generic via filter on the_content --><!-- AddThis Share Buttons generic via filter on the_content -->","protected":false},"excerpt":{"rendered":"<p>POL\u00cdTICA DE PROTECCI\u00d3 DE DADES Qui \u00e9s el responsable del tractament de les dades personals? El responsable del tractament de les dades personals \u00e9s Josep Maria Medina Maya . (Des d&#8217;ara Immo Begur Estate), amb DNI: 40518939T i domicili al C. Iolanda de Cruilles, 8 de Begur (CP 17255), tel\u00e8fon: (+34) 652 95 80 36, &hellip;<\/p>\n<p class=\"read-more\"> <a class=\"\" href=\"https:\/\/immobegurestate.com\/?page_id=1355\"> <span class=\"screen-reader-text\">Pol\u00edtica dades<\/span> Leer m\u00e1s &raquo;<\/a><\/p>\n<p><!-- AddThis Advanced Settings generic via filter on get_the_excerpt --><!-- AddThis Share Buttons generic via filter on get_the_excerpt --><\/p>\n","protected":false},"author":1,"featured_media":0,"parent":0,"menu_order":0,"comment_status":"closed","ping_status":"closed","template":"","meta":{"site-sidebar-layout":"no-sidebar","site-content-layout":"page-builder","ast-global-header-display":"","ast-main-header-display":"","ast-hfb-above-header-display":"","ast-hfb-below-header-display":"","ast-hfb-mobile-header-display":"","site-post-title":"disabled","ast-breadcrumbs-content":"","ast-featured-img":"disabled","footer-sml-layout":"","theme-transparent-header-meta":"","adv-header-id-meta":"","stick-header-meta":"","header-above-stick-meta":"","header-main-stick-meta":"","header-below-stick-meta":"","footnotes":""},"class_list":["post-1355","page","type-page","status-publish","hentry"],"yoast_head":"<!-- This site is optimized with the Yoast SEO plugin v20.8 - https:\/\/yoast.com\/wordpress\/plugins\/seo\/ -->\n<title>Pol\u00edtica dades - Immo Begur Estate<\/title>\n<meta name=\"robots\" content=\"noindex, nofollow\" \/>\n<meta property=\"og:locale\" content=\"es_ES\" \/>\n<meta property=\"og:type\" content=\"article\" \/>\n<meta property=\"og:title\" content=\"Pol\u00edtica dades - Immo Begur Estate\" \/>\n<meta property=\"og:description\" content=\"POL\u00cdTICA DE PROTECCI\u00d3 DE DADES Qui \u00e9s el responsable del tractament de les dades personals? El responsable del tractament de les dades personals \u00e9s Josep Maria Medina Maya . (Des d&#8217;ara Immo Begur Estate), amb DNI: 40518939T i domicili al C. Iolanda de Cruilles, 8 de Begur (CP 17255), tel\u00e8fon: (+34) 652 95 80 36, &hellip; Pol\u00edtica dades Leer m\u00e1s &raquo;\" \/>\n<meta property=\"og:url\" content=\"https:\/\/immobegurestate.com\/?page_id=1355\" \/>\n<meta property=\"og:site_name\" content=\"Immo Begur Estate\" \/>\n<meta property=\"article:modified_time\" content=\"2023-03-02T10:09:09+00:00\" \/>\n<meta name=\"twitter:card\" content=\"summary_large_image\" \/>\n<meta name=\"twitter:label1\" content=\"Tiempo de lectura\" \/>\n\t<meta name=\"twitter:data1\" content=\"3 minutos\" \/>\n<script type=\"application\/ld+json\" class=\"yoast-schema-graph\">{\"@context\":\"https:\/\/schema.org\",\"@graph\":[{\"@type\":\"WebPage\",\"@id\":\"https:\/\/immobegurestate.com\/?page_id=1355\",\"url\":\"https:\/\/immobegurestate.com\/?page_id=1355\",\"name\":\"Pol\u00edtica dades - Immo Begur Estate\",\"isPartOf\":{\"@id\":\"https:\/\/immobegurestate.com\/#website\"},\"datePublished\":\"2023-01-26T10:31:13+00:00\",\"dateModified\":\"2023-03-02T10:09:09+00:00\",\"breadcrumb\":{\"@id\":\"https:\/\/immobegurestate.com\/?page_id=1355#breadcrumb\"},\"inLanguage\":\"es\",\"potentialAction\":[{\"@type\":\"ReadAction\",\"target\":[\"https:\/\/immobegurestate.com\/?page_id=1355\"]}]},{\"@type\":\"BreadcrumbList\",\"@id\":\"https:\/\/immobegurestate.com\/?page_id=1355#breadcrumb\",\"itemListElement\":[{\"@type\":\"ListItem\",\"position\":1,\"name\":\"Portada\",\"item\":\"https:\/\/immobegurestate.com\/\"},{\"@type\":\"ListItem\",\"position\":2,\"name\":\"Pol\u00edtica dades\"}]},{\"@type\":\"WebSite\",\"@id\":\"https:\/\/immobegurestate.com\/#website\",\"url\":\"https:\/\/immobegurestate.com\/\",\"name\":\"Immo Begur Estate\",\"description\":\"\",\"publisher\":{\"@id\":\"https:\/\/immobegurestate.com\/#organization\"},\"potentialAction\":[{\"@type\":\"SearchAction\",\"target\":{\"@type\":\"EntryPoint\",\"urlTemplate\":\"https:\/\/immobegurestate.com\/?s={search_term_string}\"},\"query-input\":\"required name=search_term_string\"}],\"inLanguage\":\"es\"},{\"@type\":\"Organization\",\"@id\":\"https:\/\/immobegurestate.com\/#organization\",\"name\":\"Immo Begur Estate\",\"url\":\"https:\/\/immobegurestate.com\/\",\"logo\":{\"@type\":\"ImageObject\",\"inLanguage\":\"es\",\"@id\":\"https:\/\/immobegurestate.com\/#\/schema\/logo\/image\/\",\"url\":\"https:\/\/immobegurestate.com\/wp-content\/uploads\/2023\/01\/fondotranspr.png\",\"contentUrl\":\"https:\/\/immobegurestate.com\/wp-content\/uploads\/2023\/01\/fondotranspr.png\",\"width\":392,\"height\":330,\"caption\":\"Immo Begur Estate\"},\"image\":{\"@id\":\"https:\/\/immobegurestate.com\/#\/schema\/logo\/image\/\"}}]}<\/script>\n<!-- \/ Yoast SEO plugin. -->","yoast_head_json":{"title":"Pol\u00edtica dades - Immo Begur Estate","robots":{"index":"noindex","follow":"nofollow"},"og_locale":"es_ES","og_type":"article","og_title":"Pol\u00edtica dades - Immo Begur Estate","og_description":"POL\u00cdTICA DE PROTECCI\u00d3 DE DADES Qui \u00e9s el responsable del tractament de les dades personals? El responsable del tractament de les dades personals \u00e9s Josep Maria Medina Maya . (Des d&#8217;ara Immo Begur Estate), amb DNI: 40518939T i domicili al C. Iolanda de Cruilles, 8 de Begur (CP 17255), tel\u00e8fon: (+34) 652 95 80 36, &hellip; Pol\u00edtica dades Leer m\u00e1s &raquo;","og_url":"https:\/\/immobegurestate.com\/?page_id=1355","og_site_name":"Immo Begur Estate","article_modified_time":"2023-03-02T10:09:09+00:00","twitter_card":"summary_large_image","twitter_misc":{"Tiempo de lectura":"3 minutos"},"schema":{"@context":"https:\/\/schema.org","@graph":[{"@type":"WebPage","@id":"https:\/\/immobegurestate.com\/?page_id=1355","url":"https:\/\/immobegurestate.com\/?page_id=1355","name":"Pol\u00edtica dades - Immo Begur Estate","isPartOf":{"@id":"https:\/\/immobegurestate.com\/#website"},"datePublished":"2023-01-26T10:31:13+00:00","dateModified":"2023-03-02T10:09:09+00:00","breadcrumb":{"@id":"https:\/\/immobegurestate.com\/?page_id=1355#breadcrumb"},"inLanguage":"es","potentialAction":[{"@type":"ReadAction","target":["https:\/\/immobegurestate.com\/?page_id=1355"]}]},{"@type":"BreadcrumbList","@id":"https:\/\/immobegurestate.com\/?page_id=1355#breadcrumb","itemListElement":[{"@type":"ListItem","position":1,"name":"Portada","item":"https:\/\/immobegurestate.com\/"},{"@type":"ListItem","position":2,"name":"Pol\u00edtica dades"}]},{"@type":"WebSite","@id":"https:\/\/immobegurestate.com\/#website","url":"https:\/\/immobegurestate.com\/","name":"Immo Begur Estate","description":"","publisher":{"@id":"https:\/\/immobegurestate.com\/#organization"},"potentialAction":[{"@type":"SearchAction","target":{"@type":"EntryPoint","urlTemplate":"https:\/\/immobegurestate.com\/?s={search_term_string}"},"query-input":"required name=search_term_string"}],"inLanguage":"es"},{"@type":"Organization","@id":"https:\/\/immobegurestate.com\/#organization","name":"Immo Begur Estate","url":"https:\/\/immobegurestate.com\/","logo":{"@type":"ImageObject","inLanguage":"es","@id":"https:\/\/immobegurestate.com\/#\/schema\/logo\/image\/","url":"https:\/\/immobegurestate.com\/wp-content\/uploads\/2023\/01\/fondotranspr.png","contentUrl":"https:\/\/immobegurestate.com\/wp-content\/uploads\/2023\/01\/fondotranspr.png","width":392,"height":330,"caption":"Immo Begur Estate"},"image":{"@id":"https:\/\/immobegurestate.com\/#\/schema\/logo\/image\/"}}]}},"_links":{"self":[{"href":"https:\/\/immobegurestate.com\/index.php?rest_route=\/wp\/v2\/pages\/1355","targetHints":{"allow":["GET"]}}],"collection":[{"href":"https:\/\/immobegurestate.com\/index.php?rest_route=\/wp\/v2\/pages"}],"about":[{"href":"https:\/\/immobegurestate.com\/index.php?rest_route=\/wp\/v2\/types\/page"}],"author":[{"embeddable":true,"href":"https:\/\/immobegurestate.com\/index.php?rest_route=\/wp\/v2\/users\/1"}],"replies":[{"embeddable":true,"href":"https:\/\/immobegurestate.com\/index.php?rest_route=%2Fwp%2Fv2%2Fcomments&post=1355"}],"version-history":[{"count":14,"href":"https:\/\/immobegurestate.com\/index.php?rest_route=\/wp\/v2\/pages\/1355\/revisions"}],"predecessor-version":[{"id":2764,"href":"https:\/\/immobegurestate.com\/index.php?rest_route=\/wp\/v2\/pages\/1355\/revisions\/2764"}],"wp:attachment":[{"href":"https:\/\/immobegurestate.com\/index.php?rest_route=%2Fwp%2Fv2%2Fmedia&parent=1355"}],"curies":[{"name":"wp","href":"https:\/\/api.w.org\/{rel}","templated":true}]}}