{"id":1349,"date":"2023-01-26T10:10:29","date_gmt":"2023-01-26T10:10:29","guid":{"rendered":"https:\/\/immobegurestate.com\/?page_id=1349"},"modified":"2023-03-02T10:08:09","modified_gmt":"2023-03-02T10:08:09","slug":"avis-legal","status":"publish","type":"page","link":"https:\/\/immobegurestate.com\/?page_id=1349","title":{"rendered":"Av\u00eds legal"},"content":{"rendered":"\t\t<div data-elementor-type=\"wp-page\" data-elementor-id=\"1349\" class=\"elementor elementor-1349\">\n\t\t\t\t\t\t\t\t\t<section class=\"elementor-section elementor-top-section elementor-element elementor-element-70e2a612 elementor-section-boxed elementor-section-height-default elementor-section-height-default\" data-id=\"70e2a612\" data-element_type=\"section\">\n\t\t\t\t\t\t<div class=\"elementor-container elementor-column-gap-default\">\n\t\t\t\t\t<div class=\"elementor-column elementor-col-100 elementor-top-column elementor-element elementor-element-547e9319\" data-id=\"547e9319\" data-element_type=\"column\">\n\t\t\t<div class=\"elementor-widget-wrap elementor-element-populated\">\n\t\t\t\t\t\t\t\t<div class=\"elementor-element elementor-element-7dd7ad9e elementor-widget elementor-widget-text-editor\" data-id=\"7dd7ad9e\" data-element_type=\"widget\" data-widget_type=\"text-editor.default\">\n\t\t\t\t<div class=\"elementor-widget-container\">\n\t\t\t<style>\/*! elementor - v3.13.3 - 28-05-2023 *\/\n.elementor-widget-text-editor.elementor-drop-cap-view-stacked .elementor-drop-cap{background-color:#69727d;color:#fff}.elementor-widget-text-editor.elementor-drop-cap-view-framed .elementor-drop-cap{color:#69727d;border:3px solid;background-color:transparent}.elementor-widget-text-editor:not(.elementor-drop-cap-view-default) .elementor-drop-cap{margin-top:8px}.elementor-widget-text-editor:not(.elementor-drop-cap-view-default) .elementor-drop-cap-letter{width:1em;height:1em}.elementor-widget-text-editor .elementor-drop-cap{float:left;text-align:center;line-height:1;font-size:50px}.elementor-widget-text-editor .elementor-drop-cap-letter{display:inline-block}<\/style>\t\t\t\t<h2>Av\u00eds legal<\/h2><p>El lloc web i el domini immobegurestate.com correspon a Josep Maria Medina Maya, amb DNI 40518939T i domicili al Carrer Iolanda de Cruilles n8 a Begur (CP 17255), tel\u00e8fon 652 95 80 36 correu electr\u00f2nic immobegurestate@gmail.com\u00a0<\/p><h3>PROPIETAT INTEL\u2022LECTUAL I INDUSTRIAL<\/h3><p>Els drets sobre els continguts d&#8217;aquest lloc web, incloent-hi els textos, imatges, dissenys gr\u00e0fics, marques i altres signes distintius (des d&#8217;ara els continguts), pertanyen a Immo Begur Estate o a tercers que els han autoritzat el seu \u00fas. Immo Begur Estate presenta aquests continguts per informar dels seus serveis i activitats.Immo Begur Estate autoritza la utilitzaci\u00f3 dels continguts per a usos no comercials, sempre que s&#8217;indiqui de forma clara la font. Si els continguts s&#8217;utilitzen en entorns web ser\u00e0 necessari incloure un enlla\u00e7 a la p\u00e0gina d&#8217;inici del lloc web. Immo Begur Estate es reserva el dret a iniciar les accions legals oportunes en defensa dels seus drets de propietat intel\u2022lectual o industrial.<\/p><h3>RESPONSABILITAT SOBRE ELS CONTINGUTS<\/h3><p>Encara que Immo Begur Estate actua amb la m\u00e0xima dilig\u00e8ncia possible, es pot donar el cas que alguna dada o informaci\u00f3 no estigui del tot actualitzada en el moment que l&#8217;usuari del lloc web el consulta. Per aix\u00f2, Immo Begur Estate manifesta que les refer\u00e8ncies dels serveis que es presenten a la web tenen una funci\u00f3 orientativa i no obliguen a Immo Begur Estate fins a la contractaci\u00f3 expressa d&#8217;una comanda. Immo Begur Estate es reserva el dret a modificar unilateralment, en qualsevol moment i sense previ av\u00eds, la presentaci\u00f3, configuraci\u00f3 i continguts del web. Immo Begur Estate no ser\u00e0 responsable de la informaci\u00f3 que es pot obtenir a trav\u00e9s d&#8217;enlla\u00e7os inclosos en el lloc web.<\/p><h3>CONDICIONS D&#8217;\u00daS<\/h3><p>L&#8217;\u00fas d&#8217;aquest web implica l&#8217;acceptaci\u00f3 plena dels termes i condicions del present av\u00eds legal. Els possibles conflictes relatius a aquest web es regiran exclusivament pel dret de l&#8217;Estat espanyol. Tota persona usu\u00e0ria de la web, independentment de la jurisdicci\u00f3 territorial des de la qual es produeixi el seu acc\u00e9s, accepta el compliment i respecte d&#8217;aquestes cl\u00e0usules amb ren\u00fancia expressa a qualsevol altre fos que li pugui correspondre.im<\/p>\t\t\t\t\t\t<\/div>\n\t\t\t\t<\/div>\n\t\t\t\t\t<\/div>\n\t\t<\/div>\n\t\t\t\t\t\t\t<\/div>\n\t\t<\/section>\n\t\t\t\t\t\t\t<\/div>\n\t\t<!-- AddThis Advanced Settings generic via filter on the_content --><!-- AddThis Share Buttons generic via filter on the_content -->","protected":false},"excerpt":{"rendered":"<p>Av\u00eds legal El lloc web i el domini immobegurestate.com correspon a Josep Maria Medina Maya, amb DNI 40518939T i domicili al Carrer Iolanda de Cruilles n8 a Begur (CP 17255), tel\u00e8fon 652 95 80 36 correu electr\u00f2nic immobegurestate@gmail.com\u00a0 PROPIETAT INTEL\u2022LECTUAL I INDUSTRIAL Els drets sobre els continguts d&#8217;aquest lloc web, incloent-hi els textos, imatges, dissenys &hellip;<\/p>\n<p class=\"read-more\"> <a class=\"\" href=\"https:\/\/immobegurestate.com\/?page_id=1349\"> <span class=\"screen-reader-text\">Av\u00eds legal<\/span> Leer m\u00e1s &raquo;<\/a><\/p>\n<p><!-- AddThis Advanced Settings generic via filter on get_the_excerpt --><!-- AddThis Share Buttons generic via filter on get_the_excerpt --><\/p>\n","protected":false},"author":1,"featured_media":0,"parent":0,"menu_order":0,"comment_status":"closed","ping_status":"closed","template":"","meta":{"site-sidebar-layout":"no-sidebar","site-content-layout":"page-builder","ast-global-header-display":"","ast-main-header-display":"","ast-hfb-above-header-display":"","ast-hfb-below-header-display":"","ast-hfb-mobile-header-display":"","site-post-title":"disabled","ast-breadcrumbs-content":"","ast-featured-img":"disabled","footer-sml-layout":"","theme-transparent-header-meta":"","adv-header-id-meta":"","stick-header-meta":"","header-above-stick-meta":"","header-main-stick-meta":"","header-below-stick-meta":"","footnotes":""},"class_list":["post-1349","page","type-page","status-publish","hentry"],"yoast_head":"<!-- This site is optimized with the Yoast SEO plugin v20.8 - https:\/\/yoast.com\/wordpress\/plugins\/seo\/ -->\n<title>Av\u00eds legal - Immo Begur Estate<\/title>\n<meta name=\"robots\" content=\"noindex, nofollow\" \/>\n<meta property=\"og:locale\" content=\"es_ES\" \/>\n<meta property=\"og:type\" content=\"article\" \/>\n<meta property=\"og:title\" content=\"Av\u00eds legal - Immo Begur Estate\" \/>\n<meta property=\"og:description\" content=\"Av\u00eds legal El lloc web i el domini immobegurestate.com correspon a Josep Maria Medina Maya, amb DNI 40518939T i domicili al Carrer Iolanda de Cruilles n8 a Begur (CP 17255), tel\u00e8fon 652 95 80 36 correu electr\u00f2nic immobegurestate@gmail.com\u00a0 PROPIETAT INTEL\u2022LECTUAL I INDUSTRIAL Els drets sobre els continguts d&#8217;aquest lloc web, incloent-hi els textos, imatges, dissenys &hellip; Av\u00eds legal Leer m\u00e1s &raquo;\" \/>\n<meta property=\"og:url\" content=\"https:\/\/immobegurestate.com\/?page_id=1349\" \/>\n<meta property=\"og:site_name\" content=\"Immo Begur Estate\" \/>\n<meta property=\"article:modified_time\" content=\"2023-03-02T10:08:09+00:00\" \/>\n<meta name=\"twitter:card\" content=\"summary_large_image\" \/>\n<meta name=\"twitter:label1\" content=\"Tiempo de lectura\" \/>\n\t<meta name=\"twitter:data1\" content=\"2 minutos\" \/>\n<script type=\"application\/ld+json\" class=\"yoast-schema-graph\">{\"@context\":\"https:\/\/schema.org\",\"@graph\":[{\"@type\":\"WebPage\",\"@id\":\"https:\/\/immobegurestate.com\/?page_id=1349\",\"url\":\"https:\/\/immobegurestate.com\/?page_id=1349\",\"name\":\"Av\u00eds legal - Immo Begur Estate\",\"isPartOf\":{\"@id\":\"https:\/\/immobegurestate.com\/#website\"},\"datePublished\":\"2023-01-26T10:10:29+00:00\",\"dateModified\":\"2023-03-02T10:08:09+00:00\",\"breadcrumb\":{\"@id\":\"https:\/\/immobegurestate.com\/?page_id=1349#breadcrumb\"},\"inLanguage\":\"es\",\"potentialAction\":[{\"@type\":\"ReadAction\",\"target\":[\"https:\/\/immobegurestate.com\/?page_id=1349\"]}]},{\"@type\":\"BreadcrumbList\",\"@id\":\"https:\/\/immobegurestate.com\/?page_id=1349#breadcrumb\",\"itemListElement\":[{\"@type\":\"ListItem\",\"position\":1,\"name\":\"Portada\",\"item\":\"https:\/\/immobegurestate.com\/\"},{\"@type\":\"ListItem\",\"position\":2,\"name\":\"Av\u00eds legal\"}]},{\"@type\":\"WebSite\",\"@id\":\"https:\/\/immobegurestate.com\/#website\",\"url\":\"https:\/\/immobegurestate.com\/\",\"name\":\"Immo Begur Estate\",\"description\":\"\",\"publisher\":{\"@id\":\"https:\/\/immobegurestate.com\/#organization\"},\"potentialAction\":[{\"@type\":\"SearchAction\",\"target\":{\"@type\":\"EntryPoint\",\"urlTemplate\":\"https:\/\/immobegurestate.com\/?s={search_term_string}\"},\"query-input\":\"required name=search_term_string\"}],\"inLanguage\":\"es\"},{\"@type\":\"Organization\",\"@id\":\"https:\/\/immobegurestate.com\/#organization\",\"name\":\"Immo Begur Estate\",\"url\":\"https:\/\/immobegurestate.com\/\",\"logo\":{\"@type\":\"ImageObject\",\"inLanguage\":\"es\",\"@id\":\"https:\/\/immobegurestate.com\/#\/schema\/logo\/image\/\",\"url\":\"https:\/\/immobegurestate.com\/wp-content\/uploads\/2023\/01\/fondotranspr.png\",\"contentUrl\":\"https:\/\/immobegurestate.com\/wp-content\/uploads\/2023\/01\/fondotranspr.png\",\"width\":392,\"height\":330,\"caption\":\"Immo Begur Estate\"},\"image\":{\"@id\":\"https:\/\/immobegurestate.com\/#\/schema\/logo\/image\/\"}}]}<\/script>\n<!-- \/ Yoast SEO plugin. -->","yoast_head_json":{"title":"Av\u00eds legal - Immo Begur Estate","robots":{"index":"noindex","follow":"nofollow"},"og_locale":"es_ES","og_type":"article","og_title":"Av\u00eds legal - Immo Begur Estate","og_description":"Av\u00eds legal El lloc web i el domini immobegurestate.com correspon a Josep Maria Medina Maya, amb DNI 40518939T i domicili al Carrer Iolanda de Cruilles n8 a Begur (CP 17255), tel\u00e8fon 652 95 80 36 correu electr\u00f2nic immobegurestate@gmail.com\u00a0 PROPIETAT INTEL\u2022LECTUAL I INDUSTRIAL Els drets sobre els continguts d&#8217;aquest lloc web, incloent-hi els textos, imatges, dissenys &hellip; Av\u00eds legal Leer m\u00e1s &raquo;","og_url":"https:\/\/immobegurestate.com\/?page_id=1349","og_site_name":"Immo Begur Estate","article_modified_time":"2023-03-02T10:08:09+00:00","twitter_card":"summary_large_image","twitter_misc":{"Tiempo de lectura":"2 minutos"},"schema":{"@context":"https:\/\/schema.org","@graph":[{"@type":"WebPage","@id":"https:\/\/immobegurestate.com\/?page_id=1349","url":"https:\/\/immobegurestate.com\/?page_id=1349","name":"Av\u00eds legal - Immo Begur Estate","isPartOf":{"@id":"https:\/\/immobegurestate.com\/#website"},"datePublished":"2023-01-26T10:10:29+00:00","dateModified":"2023-03-02T10:08:09+00:00","breadcrumb":{"@id":"https:\/\/immobegurestate.com\/?page_id=1349#breadcrumb"},"inLanguage":"es","potentialAction":[{"@type":"ReadAction","target":["https:\/\/immobegurestate.com\/?page_id=1349"]}]},{"@type":"BreadcrumbList","@id":"https:\/\/immobegurestate.com\/?page_id=1349#breadcrumb","itemListElement":[{"@type":"ListItem","position":1,"name":"Portada","item":"https:\/\/immobegurestate.com\/"},{"@type":"ListItem","position":2,"name":"Av\u00eds legal"}]},{"@type":"WebSite","@id":"https:\/\/immobegurestate.com\/#website","url":"https:\/\/immobegurestate.com\/","name":"Immo Begur Estate","description":"","publisher":{"@id":"https:\/\/immobegurestate.com\/#organization"},"potentialAction":[{"@type":"SearchAction","target":{"@type":"EntryPoint","urlTemplate":"https:\/\/immobegurestate.com\/?s={search_term_string}"},"query-input":"required name=search_term_string"}],"inLanguage":"es"},{"@type":"Organization","@id":"https:\/\/immobegurestate.com\/#organization","name":"Immo Begur Estate","url":"https:\/\/immobegurestate.com\/","logo":{"@type":"ImageObject","inLanguage":"es","@id":"https:\/\/immobegurestate.com\/#\/schema\/logo\/image\/","url":"https:\/\/immobegurestate.com\/wp-content\/uploads\/2023\/01\/fondotranspr.png","contentUrl":"https:\/\/immobegurestate.com\/wp-content\/uploads\/2023\/01\/fondotranspr.png","width":392,"height":330,"caption":"Immo Begur Estate"},"image":{"@id":"https:\/\/immobegurestate.com\/#\/schema\/logo\/image\/"}}]}},"_links":{"self":[{"href":"https:\/\/immobegurestate.com\/index.php?rest_route=\/wp\/v2\/pages\/1349","targetHints":{"allow":["GET"]}}],"collection":[{"href":"https:\/\/immobegurestate.com\/index.php?rest_route=\/wp\/v2\/pages"}],"about":[{"href":"https:\/\/immobegurestate.com\/index.php?rest_route=\/wp\/v2\/types\/page"}],"author":[{"embeddable":true,"href":"https:\/\/immobegurestate.com\/index.php?rest_route=\/wp\/v2\/users\/1"}],"replies":[{"embeddable":true,"href":"https:\/\/immobegurestate.com\/index.php?rest_route=%2Fwp%2Fv2%2Fcomments&post=1349"}],"version-history":[{"count":11,"href":"https:\/\/immobegurestate.com\/index.php?rest_route=\/wp\/v2\/pages\/1349\/revisions"}],"predecessor-version":[{"id":2758,"href":"https:\/\/immobegurestate.com\/index.php?rest_route=\/wp\/v2\/pages\/1349\/revisions\/2758"}],"wp:attachment":[{"href":"https:\/\/immobegurestate.com\/index.php?rest_route=%2Fwp%2Fv2%2Fmedia&parent=1349"}],"curies":[{"name":"wp","href":"https:\/\/api.w.org\/{rel}","templated":true}]}}