{"id":1292,"date":"2023-01-26T09:37:18","date_gmt":"2023-01-26T09:37:18","guid":{"rendered":"https:\/\/immobegurestate.com\/?page_id=1292"},"modified":"2023-02-11T10:52:59","modified_gmt":"2023-02-11T10:52:59","slug":"ref-13-22","status":"publish","type":"page","link":"https:\/\/immobegurestate.com\/?page_id=1292","title":{"rendered":"REF: 13\/22"},"content":{"rendered":"\t\t<div data-elementor-type=\"wp-page\" data-elementor-id=\"1292\" class=\"elementor elementor-1292\">\n\t\t\t\t\t\t\t\t\t<section class=\"elementor-section elementor-top-section elementor-element elementor-element-7ccbf1fa elementor-section-content-middle elementor-section-boxed elementor-section-height-default elementor-section-height-default\" data-id=\"7ccbf1fa\" data-element_type=\"section\" data-settings=\"{&quot;background_background&quot;:&quot;classic&quot;}\">\n\t\t\t\t\t\t<div class=\"elementor-container elementor-column-gap-no\">\n\t\t\t\t\t<div class=\"elementor-column elementor-col-50 elementor-top-column elementor-element elementor-element-31662f30\" data-id=\"31662f30\" data-element_type=\"column\">\n\t\t\t<div class=\"elementor-widget-wrap elementor-element-populated\">\n\t\t\t\t\t\t\t\t<section class=\"elementor-section elementor-inner-section elementor-element elementor-element-55d15678 elementor-section-boxed elementor-section-height-default elementor-section-height-default\" data-id=\"55d15678\" data-element_type=\"section\">\n\t\t\t\t\t\t<div class=\"elementor-container elementor-column-gap-default\">\n\t\t\t\t\t<div class=\"elementor-column elementor-col-100 elementor-inner-column elementor-element elementor-element-4e3abac9\" data-id=\"4e3abac9\" data-element_type=\"column\">\n\t\t\t<div class=\"elementor-widget-wrap elementor-element-populated\">\n\t\t\t\t\t\t\t\t<div class=\"elementor-element elementor-element-1556af43 elementor-widget elementor-widget-heading\" data-id=\"1556af43\" data-element_type=\"widget\" data-widget_type=\"heading.default\">\n\t\t\t\t<div class=\"elementor-widget-container\">\n\t\t\t<style>\/*! elementor - v3.13.3 - 28-05-2023 *\/\n.elementor-heading-title{padding:0;margin:0;line-height:1}.elementor-widget-heading .elementor-heading-title[class*=elementor-size-]>a{color:inherit;font-size:inherit;line-height:inherit}.elementor-widget-heading .elementor-heading-title.elementor-size-small{font-size:15px}.elementor-widget-heading .elementor-heading-title.elementor-size-medium{font-size:19px}.elementor-widget-heading .elementor-heading-title.elementor-size-large{font-size:29px}.elementor-widget-heading .elementor-heading-title.elementor-size-xl{font-size:39px}.elementor-widget-heading .elementor-heading-title.elementor-size-xxl{font-size:59px}<\/style><h1 class=\"elementor-heading-title elementor-size-xl\">Casa per reformar<\/h1>\t\t<\/div>\n\t\t\t\t<\/div>\n\t\t\t\t<div class=\"elementor-element elementor-element-1d5ae25f elementor-widget elementor-widget-text-editor\" data-id=\"1d5ae25f\" data-element_type=\"widget\" data-widget_type=\"text-editor.default\">\n\t\t\t\t<div class=\"elementor-widget-container\">\n\t\t\t<style>\/*! elementor - v3.13.3 - 28-05-2023 *\/\n.elementor-widget-text-editor.elementor-drop-cap-view-stacked .elementor-drop-cap{background-color:#69727d;color:#fff}.elementor-widget-text-editor.elementor-drop-cap-view-framed .elementor-drop-cap{color:#69727d;border:3px solid;background-color:transparent}.elementor-widget-text-editor:not(.elementor-drop-cap-view-default) .elementor-drop-cap{margin-top:8px}.elementor-widget-text-editor:not(.elementor-drop-cap-view-default) .elementor-drop-cap-letter{width:1em;height:1em}.elementor-widget-text-editor .elementor-drop-cap{float:left;text-align:center;line-height:1;font-size:50px}.elementor-widget-text-editor .elementor-drop-cap-letter{display:inline-block}<\/style>\t\t\t\t<p><strong>REFERENCIA: 13\/22<\/strong><\/p>\t\t\t\t\t\t<\/div>\n\t\t\t\t<\/div>\n\t\t\t\t\t<\/div>\n\t\t<\/div>\n\t\t\t\t\t\t\t<\/div>\n\t\t<\/section>\n\t\t\t\t<div class=\"elementor-element elementor-element-71b8d476 elementor-arrows-position-inside elementor-widget elementor-widget-image-carousel\" data-id=\"71b8d476\" data-element_type=\"widget\" data-settings=\"{&quot;slides_to_show&quot;:&quot;1&quot;,&quot;navigation&quot;:&quot;arrows&quot;,&quot;effect&quot;:&quot;fade&quot;,&quot;autoplay&quot;:&quot;yes&quot;,&quot;pause_on_hover&quot;:&quot;yes&quot;,&quot;pause_on_interaction&quot;:&quot;yes&quot;,&quot;autoplay_speed&quot;:5000,&quot;infinite&quot;:&quot;yes&quot;,&quot;speed&quot;:500}\" data-widget_type=\"image-carousel.default\">\n\t\t\t\t<div class=\"elementor-widget-container\">\n\t\t\t<style>\/*! elementor - v3.13.3 - 28-05-2023 *\/\n.elementor-widget-image-carousel .swiper,.elementor-widget-image-carousel .swiper-container{position:static}.elementor-widget-image-carousel .swiper-container .swiper-slide figure,.elementor-widget-image-carousel .swiper .swiper-slide figure{line-height:inherit}.elementor-widget-image-carousel .swiper-slide{text-align:center}.elementor-image-carousel-wrapper:not(.swiper-container-initialized):not(.swiper-initialized) .swiper-slide{max-width:calc(100% \/ var(--e-image-carousel-slides-to-show, 3))}<\/style>\t\t<div class=\"elementor-image-carousel-wrapper swiper-container\" dir=\"ltr\">\n\t\t\t<div class=\"elementor-image-carousel swiper-wrapper swiper-image-stretch\">\n\t\t\t\t\t\t\t\t<div class=\"swiper-slide\"><a data-elementor-open-lightbox=\"yes\" data-elementor-lightbox-slideshow=\"71b8d476\" data-elementor-lightbox-title=\"IMG_20220623_161517\" data-e-action-hash=\"#elementor-action%3Aaction%3Dlightbox%26settings%3DeyJpZCI6MjQzMSwidXJsIjoiaHR0cHM6XC9cL2ltbW9iZWd1cmVzdGF0ZS5jb21cL3dwLWNvbnRlbnRcL3VwbG9hZHNcLzIwMjNcLzAyXC9JTUdfMjAyMjA2MjNfMTYxNTE3LmpwZyIsInNsaWRlc2hvdyI6IjcxYjhkNDc2In0%3D\" href=\"https:\/\/immobegurestate.com\/wp-content\/uploads\/2023\/02\/IMG_20220623_161517.jpg\"><figure class=\"swiper-slide-inner\"><img decoding=\"async\" class=\"swiper-slide-image\" src=\"https:\/\/immobegurestate.com\/wp-content\/uploads\/2023\/02\/IMG_20220623_161517-768x576.jpg\" alt=\"IMG_20220623_161517\" \/><\/figure><\/a><\/div><div class=\"swiper-slide\"><a data-elementor-open-lightbox=\"yes\" data-elementor-lightbox-slideshow=\"71b8d476\" data-elementor-lightbox-title=\"IMG_20220623_161503\" data-e-action-hash=\"#elementor-action%3Aaction%3Dlightbox%26settings%3DeyJpZCI6MjQzMCwidXJsIjoiaHR0cHM6XC9cL2ltbW9iZWd1cmVzdGF0ZS5jb21cL3dwLWNvbnRlbnRcL3VwbG9hZHNcLzIwMjNcLzAyXC9JTUdfMjAyMjA2MjNfMTYxNTAzLmpwZyIsInNsaWRlc2hvdyI6IjcxYjhkNDc2In0%3D\" href=\"https:\/\/immobegurestate.com\/wp-content\/uploads\/2023\/02\/IMG_20220623_161503.jpg\"><figure class=\"swiper-slide-inner\"><img decoding=\"async\" class=\"swiper-slide-image\" src=\"https:\/\/immobegurestate.com\/wp-content\/uploads\/2023\/02\/IMG_20220623_161503-768x1024.jpg\" alt=\"IMG_20220623_161503\" \/><\/figure><\/a><\/div><div class=\"swiper-slide\"><a data-elementor-open-lightbox=\"yes\" data-elementor-lightbox-slideshow=\"71b8d476\" data-elementor-lightbox-title=\"IMG_20220623_161517-1\" data-e-action-hash=\"#elementor-action%3Aaction%3Dlightbox%26settings%3DeyJpZCI6MjQzMiwidXJsIjoiaHR0cHM6XC9cL2ltbW9iZWd1cmVzdGF0ZS5jb21cL3dwLWNvbnRlbnRcL3VwbG9hZHNcLzIwMjNcLzAyXC9JTUdfMjAyMjA2MjNfMTYxNTE3LTEuanBnIiwic2xpZGVzaG93IjoiNzFiOGQ0NzYifQ%3D%3D\" href=\"https:\/\/immobegurestate.com\/wp-content\/uploads\/2023\/02\/IMG_20220623_161517-1.jpg\"><figure class=\"swiper-slide-inner\"><img decoding=\"async\" class=\"swiper-slide-image\" src=\"https:\/\/immobegurestate.com\/wp-content\/uploads\/2023\/02\/IMG_20220623_161517-1-768x576.jpg\" alt=\"IMG_20220623_161517-1\" \/><\/figure><\/a><\/div>\t\t\t<\/div>\n\t\t\t\t\t\t\t\t\t\t\t\t\t\t\t\t<div class=\"elementor-swiper-button elementor-swiper-button-prev\" role=\"button\" tabindex=\"0\">\n\t\t\t\t\t\t<i aria-hidden=\"true\" class=\"eicon-chevron-left\"><\/i>\t\t\t\t\t\t<span class=\"elementor-screen-only\">Imagen anterior<\/span>\n\t\t\t\t\t<\/div>\n\t\t\t\t\t<div class=\"elementor-swiper-button elementor-swiper-button-next\" role=\"button\" tabindex=\"0\">\n\t\t\t\t\t\t<i aria-hidden=\"true\" class=\"eicon-chevron-right\"><\/i>\t\t\t\t\t\t<span class=\"elementor-screen-only\">Imagen siguiente<\/span>\n\t\t\t\t\t<\/div>\n\t\t\t\t\t\t\t\t\t<\/div>\n\t\t\t\t<\/div>\n\t\t\t\t<\/div>\n\t\t\t\t\t<\/div>\n\t\t<\/div>\n\t\t\t\t<div class=\"elementor-column elementor-col-50 elementor-top-column elementor-element elementor-element-d0fa1a\" data-id=\"d0fa1a\" data-element_type=\"column\">\n\t\t\t<div class=\"elementor-widget-wrap elementor-element-populated\">\n\t\t\t\t\t\t\t\t<div class=\"elementor-element elementor-element-3da8bf20 elementor-widget elementor-widget-text-editor\" data-id=\"3da8bf20\" data-element_type=\"widget\" data-widget_type=\"text-editor.default\">\n\t\t\t\t<div class=\"elementor-widget-container\">\n\t\t\t\t\t\t\t<p>Casa de poble r\u00fastica en el centre de Begur, amb gran pati a reformar d\u2019aproximadament 180 metres quadrats constru\u00efts.<\/p><p>\u00a0<\/p><p>\u00a0<\/p>\t\t\t\t\t\t<\/div>\n\t\t\t\t<\/div>\n\t\t\t\t<div class=\"elementor-element elementor-element-23f8a0c2 elementor-widget elementor-widget-heading\" data-id=\"23f8a0c2\" data-element_type=\"widget\" data-widget_type=\"heading.default\">\n\t\t\t\t<div class=\"elementor-widget-container\">\n\t\t\t<h6 class=\"elementor-heading-title elementor-size-default\">Caracter\u00edstiques:<\/h6>\t\t<\/div>\n\t\t\t\t<\/div>\n\t\t\t\t<div class=\"elementor-element elementor-element-7b495483 elementor-widget elementor-widget-spacer\" data-id=\"7b495483\" data-element_type=\"widget\" data-widget_type=\"spacer.default\">\n\t\t\t\t<div class=\"elementor-widget-container\">\n\t\t\t<style>\/*! elementor - v3.13.3 - 28-05-2023 *\/\n.elementor-column .elementor-spacer-inner{height:var(--spacer-size)}.e-con{--container-widget-width:100%}.e-con-inner>.elementor-widget-spacer,.e-con>.elementor-widget-spacer{width:var(--container-widget-width,var(--spacer-size));--align-self:var(--container-widget-align-self,initial);--flex-shrink:0}.e-con-inner>.elementor-widget-spacer>.elementor-widget-container,.e-con-inner>.elementor-widget-spacer>.elementor-widget-container>.elementor-spacer,.e-con>.elementor-widget-spacer>.elementor-widget-container,.e-con>.elementor-widget-spacer>.elementor-widget-container>.elementor-spacer{height:100%}.e-con-inner>.elementor-widget-spacer>.elementor-widget-container>.elementor-spacer>.elementor-spacer-inner,.e-con>.elementor-widget-spacer>.elementor-widget-container>.elementor-spacer>.elementor-spacer-inner{height:var(--container-widget-height,var(--spacer-size))}<\/style>\t\t<div class=\"elementor-spacer\">\n\t\t\t<div class=\"elementor-spacer-inner\"><\/div>\n\t\t<\/div>\n\t\t\t\t<\/div>\n\t\t\t\t<\/div>\n\t\t\t\t<div class=\"elementor-element elementor-element-262a2ac9 elementor-button-info elementor-widget elementor-widget-button\" data-id=\"262a2ac9\" data-element_type=\"widget\" data-widget_type=\"button.default\">\n\t\t\t\t<div class=\"elementor-widget-container\">\n\t\t\t\t\t<div class=\"elementor-button-wrapper\">\n\t\t\t<a href=\"#\" class=\"elementor-button-link elementor-button elementor-size-lg\" role=\"button\">\n\t\t\t\t\t\t<span class=\"elementor-button-content-wrapper\">\n\t\t\t\t\t\t<span class=\"elementor-button-text\">Construits 180 m2<\/span>\n\t\t<\/span>\n\t\t\t\t\t<\/a>\n\t\t<\/div>\n\t\t\t\t<\/div>\n\t\t\t\t<\/div>\n\t\t\t\t<div class=\"elementor-element elementor-element-5d41f99b elementor-button-warning elementor-align-right elementor-widget elementor-widget-button\" data-id=\"5d41f99b\" data-element_type=\"widget\" data-widget_type=\"button.default\">\n\t\t\t\t<div class=\"elementor-widget-container\">\n\t\t\t\t\t<div class=\"elementor-button-wrapper\">\n\t\t\t<a href=\"#\" class=\"elementor-button-link elementor-button elementor-size-md\" role=\"button\">\n\t\t\t\t\t\t<span class=\"elementor-button-content-wrapper\">\n\t\t\t\t\t\t<span class=\"elementor-button-text\">Preu: a consultar<\/span>\n\t\t<\/span>\n\t\t\t\t\t<\/a>\n\t\t<\/div>\n\t\t\t\t<\/div>\n\t\t\t\t<\/div>\n\t\t\t\t<div class=\"elementor-element elementor-element-7987705 elementor-widget elementor-widget-heading\" data-id=\"7987705\" data-element_type=\"widget\" data-widget_type=\"heading.default\">\n\t\t\t\t<div class=\"elementor-widget-container\">\n\t\t\t<h6 class=\"elementor-heading-title elementor-size-default\">Compartir aquesta propietat:<\/h6>\t\t<\/div>\n\t\t\t\t<\/div>\n\t\t\t\t<div class=\"elementor-element elementor-element-38cd4d2 elementor-widget elementor-widget-shortcode\" data-id=\"38cd4d2\" data-element_type=\"widget\" data-widget_type=\"shortcode.default\">\n\t\t\t\t<div class=\"elementor-widget-container\">\n\t\t\t\t\t<div class=\"elementor-shortcode\">\n                <!-- Go to www.addthis.com\/dashboard to customize your tools -->\n                <div class=\"addthis_inline_share_toolbox\"><\/div>\n            <\/div>\n\t\t\t\t<\/div>\n\t\t\t\t<\/div>\n\t\t\t\t\t<\/div>\n\t\t<\/div>\n\t\t\t\t\t\t\t<\/div>\n\t\t<\/section>\n\t\t\t\t<section class=\"elementor-section elementor-inner-section elementor-element elementor-element-6ad43c69 elementor-section-boxed elementor-section-height-default elementor-section-height-default\" data-id=\"6ad43c69\" data-element_type=\"section\">\n\t\t\t\t\t\t<div class=\"elementor-container elementor-column-gap-default\">\n\t\t\t\t\t<div class=\"elementor-column elementor-col-50 elementor-inner-column elementor-element elementor-element-230251f5\" data-id=\"230251f5\" data-element_type=\"column\">\n\t\t\t<div class=\"elementor-widget-wrap elementor-element-populated\">\n\t\t\t\t\t\t\t\t<div class=\"elementor-element elementor-element-9d539ea elementor-widget elementor-widget-heading\" data-id=\"9d539ea\" data-element_type=\"widget\" data-widget_type=\"heading.default\">\n\t\t\t\t<div class=\"elementor-widget-container\">\n\t\t\t<h2 class=\"elementor-heading-title elementor-size-large\"><span style=\"font-size: 20px; white-space: normal;\">Certificat amb tr\u00e0mit:<\/span><\/h2>\t\t<\/div>\n\t\t\t\t<\/div>\n\t\t\t\t<div class=\"elementor-element elementor-element-238b61bf elementor-widget elementor-widget-image\" data-id=\"238b61bf\" data-element_type=\"widget\" data-widget_type=\"image.default\">\n\t\t\t\t<div class=\"elementor-widget-container\">\n\t\t\t<style>\/*! elementor - v3.13.3 - 28-05-2023 *\/\n.elementor-widget-image{text-align:center}.elementor-widget-image a{display:inline-block}.elementor-widget-image a img[src$=\".svg\"]{width:48px}.elementor-widget-image img{vertical-align:middle;display:inline-block}<\/style>\t\t\t\t\t\t\t\t\t\t\t\t<img loading=\"lazy\" decoding=\"async\" width=\"300\" height=\"223\" src=\"https:\/\/immobegurestate.com\/wp-content\/uploads\/2023\/01\/energy-rating-300x223.jpg\" class=\"attachment-medium size-medium wp-image-883\" alt=\"\" srcset=\"https:\/\/immobegurestate.com\/wp-content\/uploads\/2023\/01\/energy-rating-300x223.jpg 300w, https:\/\/immobegurestate.com\/wp-content\/uploads\/2023\/01\/energy-rating-768x571.jpg 768w, https:\/\/immobegurestate.com\/wp-content\/uploads\/2023\/01\/energy-rating.jpg 800w\" sizes=\"auto, (max-width: 300px) 100vw, 300px\" \/>\t\t\t\t\t\t\t\t\t\t\t\t\t\t\t<\/div>\n\t\t\t\t<\/div>\n\t\t\t\t\t<\/div>\n\t\t<\/div>\n\t\t\t\t<div class=\"elementor-column elementor-col-50 elementor-inner-column elementor-element elementor-element-3e020ec1\" data-id=\"3e020ec1\" data-element_type=\"column\">\n\t\t\t<div class=\"elementor-widget-wrap elementor-element-populated\">\n\t\t\t\t\t\t\t\t<div class=\"elementor-element elementor-element-5b7c7bdf elementor-widget elementor-widget-heading\" data-id=\"5b7c7bdf\" data-element_type=\"widget\" data-widget_type=\"heading.default\">\n\t\t\t\t<div class=\"elementor-widget-container\">\n\t\t\t<h5 class=\"elementor-heading-title elementor-size-default\">Si us interessa aquest immoble, deixeu la vostra informaci\u00f3:<\/h5>\t\t<\/div>\n\t\t\t\t<\/div>\n\t\t\t\t<div class=\"elementor-element elementor-element-1d31ff2d elementor-widget elementor-widget-wpforms\" data-id=\"1d31ff2d\" data-element_type=\"widget\" data-widget_type=\"wpforms.default\">\n\t\t\t\t<div class=\"elementor-widget-container\">\n\t\t\t<div class=\"wpforms-container \" id=\"wpforms-6\"><form id=\"wpforms-form-6\" class=\"wpforms-validate wpforms-form\" data-formid=\"6\" method=\"post\" enctype=\"multipart\/form-data\" action=\"\/index.php?rest_route=%2Fwp%2Fv2%2Fpages%2F1292\" data-token=\"abfa246b66d53497ad662f140c1bf959\"><noscript class=\"wpforms-error-noscript\">Por favor, activa JavaScript en tu navegador para completar este formulario.<\/noscript><div class=\"wpforms-field-container\"><div id=\"wpforms-6-field_0-container\" class=\"wpforms-field wpforms-field-name\" data-field-id=\"0\"><label class=\"wpforms-field-label wpforms-label-hide\" for=\"wpforms-6-field_0\">Nom <span class=\"wpforms-required-label\">*<\/span><\/label><input type=\"text\" id=\"wpforms-6-field_0\" class=\"wpforms-field-large wpforms-field-required\" name=\"wpforms[fields][0]\" placeholder=\"Nom\" required><\/div><div id=\"wpforms-6-field_1-container\" class=\"wpforms-field wpforms-field-email\" data-field-id=\"1\"><input type=\"email\" id=\"wpforms-6-field_1\" class=\"wpforms-field-large wpforms-field-required\" name=\"wpforms[fields][1]\" placeholder=\"Email\" spellcheck=\"false\" required><\/div><div id=\"wpforms-6-field_2-container\" class=\"wpforms-field wpforms-field-textarea\" data-field-id=\"2\"><label class=\"wpforms-field-label wpforms-label-hide\" for=\"wpforms-6-field_2\">Message <span class=\"wpforms-required-label\">*<\/span><\/label><textarea id=\"wpforms-6-field_2\" class=\"wpforms-field-medium wpforms-field-required\" name=\"wpforms[fields][2]\" placeholder=\"Missatge\" required><\/textarea><\/div><\/div><!-- .wpforms-field-container --><div class=\"wpforms-field wpforms-field-hp\"><label for=\"wpforms-6-field-hp\" class=\"wpforms-field-label\">Name<\/label><input type=\"text\" name=\"wpforms[hp]\" id=\"wpforms-6-field-hp\" class=\"wpforms-field-medium\"><\/div><div class=\"wpforms-submit-container\" ><input type=\"hidden\" name=\"wpforms[id]\" value=\"6\"><input type=\"hidden\" name=\"wpforms[author]\" value=\"1\"><button type=\"submit\" name=\"wpforms[submit]\" id=\"wpforms-submit-6\" class=\"wpforms-submit\" data-alt-text=\"Sending...\" data-submit-text=\"Send Message\" aria-live=\"assertive\" value=\"wpforms-submit\">Send Message<\/button><\/div><\/form><\/div>  <!-- .wpforms-container -->\t\t<\/div>\n\t\t\t\t<\/div>\n\t\t\t\t\t<\/div>\n\t\t<\/div>\n\t\t\t\t\t\t\t<\/div>\n\t\t<\/section>\n\t\t\t\t\t\t\t<\/div>\n\t\t<!-- AddThis Advanced Settings generic via filter on the_content --><!-- AddThis Share Buttons generic via filter on the_content -->","protected":false},"excerpt":{"rendered":"<p>Casa per reformar REFERENCIA: 13\/22 Anterior Siguiente Casa de poble r\u00fastica en el centre de Begur, amb gran pati a reformar d\u2019aproximadament 180 metres quadrats constru\u00efts. \u00a0 \u00a0 Caracter\u00edstiques: Construits 180 m2 Preu: a consultar Compartir aquesta propietat: Certificat amb tr\u00e0mit: Si us interessa aquest immoble, deixeu la vostra informaci\u00f3:<!-- AddThis Advanced Settings generic via filter on get_the_excerpt --><!-- AddThis Share Buttons generic via filter on get_the_excerpt --><\/p>\n","protected":false},"author":1,"featured_media":0,"parent":0,"menu_order":0,"comment_status":"closed","ping_status":"closed","template":"","meta":{"site-sidebar-layout":"no-sidebar","site-content-layout":"page-builder","ast-global-header-display":"","ast-main-header-display":"","ast-hfb-above-header-display":"","ast-hfb-below-header-display":"","ast-hfb-mobile-header-display":"","site-post-title":"disabled","ast-breadcrumbs-content":"","ast-featured-img":"disabled","footer-sml-layout":"","theme-transparent-header-meta":"","adv-header-id-meta":"","stick-header-meta":"","header-above-stick-meta":"","header-main-stick-meta":"","header-below-stick-meta":"","footnotes":""},"class_list":["post-1292","page","type-page","status-publish","hentry"],"yoast_head":"<!-- This site is optimized with the Yoast SEO plugin v20.8 - https:\/\/yoast.com\/wordpress\/plugins\/seo\/ -->\n<title>REF: 13\/22 - Immo Begur Estate<\/title>\n<meta name=\"robots\" content=\"index, follow, max-snippet:-1, max-image-preview:large, max-video-preview:-1\" \/>\n<link rel=\"canonical\" href=\"https:\/\/immobegurestate.com\/?page_id=1292\" \/>\n<meta property=\"og:locale\" content=\"es_ES\" \/>\n<meta property=\"og:type\" content=\"article\" \/>\n<meta property=\"og:title\" content=\"REF: 13\/22 - Immo Begur Estate\" \/>\n<meta property=\"og:description\" content=\"Casa per reformar REFERENCIA: 13\/22 Anterior Siguiente Casa de poble r\u00fastica en el centre de Begur, amb gran pati a reformar d\u2019aproximadament 180 metres quadrats constru\u00efts. \u00a0 \u00a0 Caracter\u00edstiques: Construits 180 m2 Preu: a consultar Compartir aquesta propietat: Certificat amb tr\u00e0mit: Si us interessa aquest immoble, deixeu la vostra informaci\u00f3:\" \/>\n<meta property=\"og:url\" content=\"https:\/\/immobegurestate.com\/?page_id=1292\" \/>\n<meta property=\"og:site_name\" content=\"Immo Begur Estate\" \/>\n<meta property=\"article:modified_time\" content=\"2023-02-11T10:52:59+00:00\" \/>\n<meta property=\"og:image\" content=\"https:\/\/immobegurestate.com\/wp-content\/uploads\/2023\/02\/IMG_20220623_161517-768x576.jpg\" \/>\n<meta name=\"twitter:card\" content=\"summary_large_image\" \/>\n<script type=\"application\/ld+json\" class=\"yoast-schema-graph\">{\"@context\":\"https:\/\/schema.org\",\"@graph\":[{\"@type\":\"WebPage\",\"@id\":\"https:\/\/immobegurestate.com\/?page_id=1292\",\"url\":\"https:\/\/immobegurestate.com\/?page_id=1292\",\"name\":\"REF: 13\/22 - Immo Begur Estate\",\"isPartOf\":{\"@id\":\"https:\/\/immobegurestate.com\/#website\"},\"datePublished\":\"2023-01-26T09:37:18+00:00\",\"dateModified\":\"2023-02-11T10:52:59+00:00\",\"breadcrumb\":{\"@id\":\"https:\/\/immobegurestate.com\/?page_id=1292#breadcrumb\"},\"inLanguage\":\"es\",\"potentialAction\":[{\"@type\":\"ReadAction\",\"target\":[\"https:\/\/immobegurestate.com\/?page_id=1292\"]}]},{\"@type\":\"BreadcrumbList\",\"@id\":\"https:\/\/immobegurestate.com\/?page_id=1292#breadcrumb\",\"itemListElement\":[{\"@type\":\"ListItem\",\"position\":1,\"name\":\"Portada\",\"item\":\"https:\/\/immobegurestate.com\/\"},{\"@type\":\"ListItem\",\"position\":2,\"name\":\"REF: 13\/22\"}]},{\"@type\":\"WebSite\",\"@id\":\"https:\/\/immobegurestate.com\/#website\",\"url\":\"https:\/\/immobegurestate.com\/\",\"name\":\"Immo Begur Estate\",\"description\":\"\",\"publisher\":{\"@id\":\"https:\/\/immobegurestate.com\/#organization\"},\"potentialAction\":[{\"@type\":\"SearchAction\",\"target\":{\"@type\":\"EntryPoint\",\"urlTemplate\":\"https:\/\/immobegurestate.com\/?s={search_term_string}\"},\"query-input\":\"required name=search_term_string\"}],\"inLanguage\":\"es\"},{\"@type\":\"Organization\",\"@id\":\"https:\/\/immobegurestate.com\/#organization\",\"name\":\"Immo Begur Estate\",\"url\":\"https:\/\/immobegurestate.com\/\",\"logo\":{\"@type\":\"ImageObject\",\"inLanguage\":\"es\",\"@id\":\"https:\/\/immobegurestate.com\/#\/schema\/logo\/image\/\",\"url\":\"https:\/\/immobegurestate.com\/wp-content\/uploads\/2023\/01\/fondotranspr.png\",\"contentUrl\":\"https:\/\/immobegurestate.com\/wp-content\/uploads\/2023\/01\/fondotranspr.png\",\"width\":392,\"height\":330,\"caption\":\"Immo Begur Estate\"},\"image\":{\"@id\":\"https:\/\/immobegurestate.com\/#\/schema\/logo\/image\/\"}}]}<\/script>\n<!-- \/ Yoast SEO plugin. -->","yoast_head_json":{"title":"REF: 13\/22 - Immo Begur Estate","robots":{"index":"index","follow":"follow","max-snippet":"max-snippet:-1","max-image-preview":"max-image-preview:large","max-video-preview":"max-video-preview:-1"},"canonical":"https:\/\/immobegurestate.com\/?page_id=1292","og_locale":"es_ES","og_type":"article","og_title":"REF: 13\/22 - Immo Begur Estate","og_description":"Casa per reformar REFERENCIA: 13\/22 Anterior Siguiente Casa de poble r\u00fastica en el centre de Begur, amb gran pati a reformar d\u2019aproximadament 180 metres quadrats constru\u00efts. \u00a0 \u00a0 Caracter\u00edstiques: Construits 180 m2 Preu: a consultar Compartir aquesta propietat: Certificat amb tr\u00e0mit: Si us interessa aquest immoble, deixeu la vostra informaci\u00f3:","og_url":"https:\/\/immobegurestate.com\/?page_id=1292","og_site_name":"Immo Begur Estate","article_modified_time":"2023-02-11T10:52:59+00:00","og_image":[{"url":"https:\/\/immobegurestate.com\/wp-content\/uploads\/2023\/02\/IMG_20220623_161517-768x576.jpg"}],"twitter_card":"summary_large_image","schema":{"@context":"https:\/\/schema.org","@graph":[{"@type":"WebPage","@id":"https:\/\/immobegurestate.com\/?page_id=1292","url":"https:\/\/immobegurestate.com\/?page_id=1292","name":"REF: 13\/22 - Immo Begur Estate","isPartOf":{"@id":"https:\/\/immobegurestate.com\/#website"},"datePublished":"2023-01-26T09:37:18+00:00","dateModified":"2023-02-11T10:52:59+00:00","breadcrumb":{"@id":"https:\/\/immobegurestate.com\/?page_id=1292#breadcrumb"},"inLanguage":"es","potentialAction":[{"@type":"ReadAction","target":["https:\/\/immobegurestate.com\/?page_id=1292"]}]},{"@type":"BreadcrumbList","@id":"https:\/\/immobegurestate.com\/?page_id=1292#breadcrumb","itemListElement":[{"@type":"ListItem","position":1,"name":"Portada","item":"https:\/\/immobegurestate.com\/"},{"@type":"ListItem","position":2,"name":"REF: 13\/22"}]},{"@type":"WebSite","@id":"https:\/\/immobegurestate.com\/#website","url":"https:\/\/immobegurestate.com\/","name":"Immo Begur Estate","description":"","publisher":{"@id":"https:\/\/immobegurestate.com\/#organization"},"potentialAction":[{"@type":"SearchAction","target":{"@type":"EntryPoint","urlTemplate":"https:\/\/immobegurestate.com\/?s={search_term_string}"},"query-input":"required name=search_term_string"}],"inLanguage":"es"},{"@type":"Organization","@id":"https:\/\/immobegurestate.com\/#organization","name":"Immo Begur Estate","url":"https:\/\/immobegurestate.com\/","logo":{"@type":"ImageObject","inLanguage":"es","@id":"https:\/\/immobegurestate.com\/#\/schema\/logo\/image\/","url":"https:\/\/immobegurestate.com\/wp-content\/uploads\/2023\/01\/fondotranspr.png","contentUrl":"https:\/\/immobegurestate.com\/wp-content\/uploads\/2023\/01\/fondotranspr.png","width":392,"height":330,"caption":"Immo Begur Estate"},"image":{"@id":"https:\/\/immobegurestate.com\/#\/schema\/logo\/image\/"}}]}},"_links":{"self":[{"href":"https:\/\/immobegurestate.com\/index.php?rest_route=\/wp\/v2\/pages\/1292","targetHints":{"allow":["GET"]}}],"collection":[{"href":"https:\/\/immobegurestate.com\/index.php?rest_route=\/wp\/v2\/pages"}],"about":[{"href":"https:\/\/immobegurestate.com\/index.php?rest_route=\/wp\/v2\/types\/page"}],"author":[{"embeddable":true,"href":"https:\/\/immobegurestate.com\/index.php?rest_route=\/wp\/v2\/users\/1"}],"replies":[{"embeddable":true,"href":"https:\/\/immobegurestate.com\/index.php?rest_route=%2Fwp%2Fv2%2Fcomments&post=1292"}],"version-history":[{"count":46,"href":"https:\/\/immobegurestate.com\/index.php?rest_route=\/wp\/v2\/pages\/1292\/revisions"}],"predecessor-version":[{"id":2438,"href":"https:\/\/immobegurestate.com\/index.php?rest_route=\/wp\/v2\/pages\/1292\/revisions\/2438"}],"wp:attachment":[{"href":"https:\/\/immobegurestate.com\/index.php?rest_route=%2Fwp%2Fv2%2Fmedia&parent=1292"}],"curies":[{"name":"wp","href":"https:\/\/api.w.org\/{rel}","templated":true}]}}